{"id":3203,"date":"2025-01-10T12:42:40","date_gmt":"2025-01-10T12:42:40","guid":{"rendered":"https:\/\/reinvent.pt\/?page_id=3203"},"modified":"2026-04-23T13:35:59","modified_gmt":"2026-04-23T13:35:59","slug":"contacts","status":"publish","type":"page","link":"https:\/\/reinvent.pt\/en\/contacts\/","title":{"rendered":"Contacts"},"content":{"rendered":"\n<style type=\"text\/css\" data-created_by=\"avia_inline_auto\" id=\"style-css-av-1axpc-3470ba2a311d735bac86a4230f678be8\">\n.avia-section.av-1axpc-3470ba2a311d735bac86a4230f678be8{\nbackground-color:#9333ea;\nbackground:linear-gradient( to right, #9333ea, #2663ed );\n}\n<\/style>\n<div id='av_section_1'  class='avia-section av-1axpc-3470ba2a311d735bac86a4230f678be8 main_color avia-section-small avia-no-border-styling  avia-builder-el-0  el_before_av_section  avia-builder-el-first  avia-bg-style-scroll av-minimum-height av-minimum-height-custom av-height-custom  container_wrap fullsize'   data-av_minimum_height_px='350'><div class='container av-section-cont-open' style='height:350px'><main  role=\"main\" itemprop=\"mainContentOfPage\"  class='template-page content  av-content-full alpha units'><div class='post-entry post-entry-type-page post-entry-3203'><div class='entry-content-wrapper clearfix'>\n<div  class='flex_column av-137m8-c55ca22bdeb30fcd324cb502a7e408de av_one_full  avia-builder-el-1  avia-builder-el-no-sibling  first flex_column_div  '     ><style type=\"text\/css\" data-created_by=\"avia_inline_auto\" id=\"style-css-av-m6ktf9tt-71f6dbdd1ca68ac30f6c7e199341ef20\">\n#top .av-special-heading.av-m6ktf9tt-71f6dbdd1ca68ac30f6c7e199341ef20{\npadding-bottom:0;\ncolor:#ffffff;\nfont-size:65px;\n}\nbody .av-special-heading.av-m6ktf9tt-71f6dbdd1ca68ac30f6c7e199341ef20 .av-special-heading-tag .heading-char{\nfont-size:25px;\n}\n#top #wrap_all .av-special-heading.av-m6ktf9tt-71f6dbdd1ca68ac30f6c7e199341ef20 .av-special-heading-tag{\nfont-size:65px;\n}\n.av-special-heading.av-m6ktf9tt-71f6dbdd1ca68ac30f6c7e199341ef20 .special-heading-inner-border{\nborder-color:#ffffff;\n}\n.av-special-heading.av-m6ktf9tt-71f6dbdd1ca68ac30f6c7e199341ef20 .av-subheading{\nfont-size:20px;\n}\n\n@media only screen and (min-width: 480px) and (max-width: 767px){ \n#top #wrap_all .av-special-heading.av-m6ktf9tt-71f6dbdd1ca68ac30f6c7e199341ef20 .av-special-heading-tag{\nfont-size:0.8em;\n}\n}\n\n@media only screen and (max-width: 479px){ \n#top #wrap_all .av-special-heading.av-m6ktf9tt-71f6dbdd1ca68ac30f6c7e199341ef20 .av-special-heading-tag{\nfont-size:0.8em;\n}\n}\n<\/style>\n<div  class='av-special-heading av-m6ktf9tt-71f6dbdd1ca68ac30f6c7e199341ef20 av-special-heading-h1 custom-color-heading blockquote modern-quote modern-centered  avia-builder-el-2  avia-builder-el-no-sibling  av-inherit-size'><h1 class='av-special-heading-tag '  itemprop=\"headline\"  >Contacts<\/h1><div class=\"special-heading-border\"><div class=\"special-heading-inner-border\"><\/div><\/div><\/div><\/div><\/div><\/div><\/main><!-- close content main element --><\/div><\/div><div id='av_section_2'  class='avia-section av-8uv7k-41d529c9624659b62e68461c6c293f1c main_color avia-section-large avia-no-border-styling  avia-builder-el-3  el_after_av_section  el_before_av_layout_row  avia-bg-style-scroll container_wrap fullsize'  ><div class='container av-section-cont-open' ><div class='template-page content  av-content-full alpha units'><div class='post-entry post-entry-type-page post-entry-3203'><div class='entry-content-wrapper clearfix'>\n<div class='flex_column_table av-8a75g-27eefd80ef78234e3212d1140e73e98f sc-av_two_fifth av-equal-height-column-flextable'>\n<style type=\"text\/css\" data-created_by=\"avia_inline_auto\" id=\"style-css-av-8a75g-27eefd80ef78234e3212d1140e73e98f\">\n.flex_column.av-8a75g-27eefd80ef78234e3212d1140e73e98f{\nwidth:38.2%;\nmargin-left:0;\n}\n#top .flex_column_table.av-equal-height-column-flextable.av-8a75g-27eefd80ef78234e3212d1140e73e98f .av-flex-placeholder{\nwidth:3%;\n}\n<\/style>\n<div  class='flex_column av-8a75g-27eefd80ef78234e3212d1140e73e98f av_two_fifth  avia-builder-el-4  el_before_av_three_fifth  avia-builder-el-first  first flex_column_table_cell av-equal-height-column av-align-middle  '     ><p>\n<style type=\"text\/css\" data-created_by=\"avia_inline_auto\" id=\"style-css-av-77kc0-dfde9e6e5279181dff302a4ceae4fe17\">\n#top .av-special-heading.av-77kc0-dfde9e6e5279181dff302a4ceae4fe17{\npadding-bottom:30px;\n}\nbody .av-special-heading.av-77kc0-dfde9e6e5279181dff302a4ceae4fe17 .av-special-heading-tag .heading-char{\nfont-size:25px;\n}\n.av-special-heading.av-77kc0-dfde9e6e5279181dff302a4ceae4fe17 .av-subheading{\nfont-size:16px;\ncolor:#ef39ff;\n}\n<\/style>\n<div  class='av-special-heading av-77kc0-dfde9e6e5279181dff302a4ceae4fe17 av-special-heading-h2 custom-color-heading blockquote modern-quote  avia-builder-el-5  el_before_av_iconlist  avia-builder-el-first '><div class='av-subheading av-subheading_above'><p><strong>CONTACTS<\/strong><\/p>\n<\/div><h2 class='av-special-heading-tag '  itemprop=\"headline\"  >We\u2019re available<br \/>\nfor you.<\/h2><div class=\"special-heading-border\"><div class=\"special-heading-inner-border\"><\/div><\/div><\/div><br \/>\n\n<style type=\"text\/css\" data-created_by=\"avia_inline_auto\" id=\"style-css-av-6xpxo-251fe4fc591a41226ec088dc687ba60b\">\n#top .avia-icon-list-container.av-6xpxo-251fe4fc591a41226ec088dc687ba60b .iconlist_icon{\ncolor:#ef39ff;\nbackground-color:#fdecfe;\nborder-style:dashed;\nborder-width:1px 1px 1px 1px;\nborder-color:#ef39ff;\n}\n#top #wrap_all .avia-icon-list-container.av-6xpxo-251fe4fc591a41226ec088dc687ba60b .av_iconlist_title{\nfont-size:20px;\n}\n<\/style>\n<div  class='avia-icon-list-container av-6xpxo-251fe4fc591a41226ec088dc687ba60b  avia-builder-el-6  el_after_av_heading  avia-builder-el-last '><ul class='avia-icon-list avia_animate_when_almost_visible avia-icon-list-left av-iconlist-big av-6xpxo-251fe4fc591a41226ec088dc687ba60b avia-iconlist-animate'>\n<li><div class='iconlist_icon av-5mstc-daf7c56a793ebda21c0a3341e96b76f5 avia-font-entypo-fontello'><span class='iconlist-char' aria-hidden='true' data-av_icon='\ue805' data-av_iconfont='entypo-fontello'><\/span><\/div><article class=\"article-icon-entry av-iconlist-empty\"  itemscope=\"itemscope\" itemtype=\"https:\/\/schema.org\/CreativeWork\" ><div class=\"iconlist_content_wrap\"><header class=\"entry-content-header\" aria-label=\"Icon: &lt;a href=&#039;mailto:be@reinvent.pt&#039; title=&#039;be@reinvent.pt&#039;&gt;be@reinvent.pt&lt;\/a&gt;\"><h4 class='av_iconlist_title iconlist_title  '  itemprop=\"headline\" ><a href='mailto:be@reinvent.pt' title='be@reinvent.pt'>be@reinvent.pt<\/a><\/h4><\/header><div class='iconlist_content '  itemprop=\"text\" ><\/div><\/div><footer class=\"entry-footer\"><\/footer><\/article><div class=\"iconlist-timeline\"><\/div><\/li>\n<\/ul><\/div><\/p><\/div><div class='av-flex-placeholder'><\/div>\n<style type=\"text\/css\" data-created_by=\"avia_inline_auto\" id=\"style-css-av-4gac4-22994d42c690800dc96cd103557019c4\">\n@keyframes av_boxShadowEffect_av-4gac4-22994d42c690800dc96cd103557019c4-column {\n0%   { box-shadow:  0 0 0 0 rgba(0,0,0,0.3); opacity: 1; }\n100% { box-shadow:  0 0 10px 0 rgba(0,0,0,0.3); opacity: 1; }\n}\n.flex_column.av-4gac4-22994d42c690800dc96cd103557019c4{\nwidth:58.8%;\nmargin-left:0;\nbox-shadow: 0 0 10px 0 rgba(0,0,0,0.3);\nborder-radius:8px 8px 8px 8px;\npadding:30px 30px 30px 30px;\nheight:auto;\nmin-height:400px;\n}\n#top .flex_column_table.av-equal-height-column-flextable.av-4gac4-22994d42c690800dc96cd103557019c4 .av-flex-placeholder{\nwidth:3%;\n}\n<\/style>\n<div  class='flex_column av-4gac4-22994d42c690800dc96cd103557019c4 av_three_fifth  avia-builder-el-7  el_after_av_two_fifth  avia-builder-el-last  flex_column_table_cell av-equal-height-column av-align-middle shadow-not-animated  '     ><form action=\"https:\/\/reinvent.pt\/en\/contacts\/\" method=\"post\" data-fields-with-error=\"Found errors in the following field(s):\" class=\"avia_ajax_form av-form-labels-hidden   avia-builder-el-8  avia-builder-el-no-sibling   \" data-avia-form-id=\"1\" data-avia-redirect=''  aria-label='Contact Form' ><fieldset><p class='  first_form  form_element form_element_half' id='element_avia_1_1'><label for=\"avia_1_1\">Primeiro Nome <abbr class=\"required\" title=\"required\">*<\/abbr><\/label> <input name=\"avia_1_1\" class=\"text_input is_empty\" type=\"text\" id=\"avia_1_1\" value=\"\"  placeholder='Primeiro Nome*'\/><\/p><p class='  form_element form_element_half' id='element_avia_2_1'><label for=\"avia_2_1\">Apelido <abbr class=\"required\" title=\"required\">*<\/abbr><\/label> <input name=\"avia_2_1\" class=\"text_input is_empty\" type=\"text\" id=\"avia_2_1\" value=\"\"  placeholder='Apelido*'\/><\/p><p class='  first_form  form_element form_element_half' id='element_avia_3_1'><label for=\"avia_3_1\">E-Mail <abbr class=\"required\" title=\"required\">*<\/abbr><\/label> <input name=\"avia_3_1\" class=\"text_input is_email\" type=\"text\" id=\"avia_3_1\" value=\"\"  placeholder='E-Mail*'\/><\/p><p class='  form_element form_element_half' id='element_avia_4_1'><label for=\"avia_4_1\">Telem\u00f3vel <abbr class=\"required\" title=\"required\">*<\/abbr><\/label> <input name=\"avia_4_1\" class=\"text_input is_phone\" type=\"text\" id=\"avia_4_1\" value=\"\"  placeholder='Telem\u00f3vel*'\/><\/p><p class='  first_form  form_element form_fullwidth' id='element_avia_5_1'><label for=\"avia_5_1\" class=\"textare_label hidden textare_label_avia_5_1\">Mensagem <abbr class=\"required\" title=\"required\">*<\/abbr><\/label><textarea  placeholder='Mensagem*' name=\"avia_5_1\" class=\"text_area is_empty\" cols=\"40\" rows=\"7\" id=\"avia_5_1\" ><\/textarea><\/p><p class=\"hidden\"><input type=\"text\" name=\"avia_6_1\" class=\"hidden \" id=\"avia_6_1\" value=\"\" \/><\/p><p class='   form_element form_fullwidth av-last-visible-form-element' id='element_avia_7_1'><span class='value_verifier_label'>2 + 0 = ?<\/span><input name=\"avia_7_1_verifier\" type=\"hidden\" id=\"avia_7_1_verifier\" value=\"761621424\"\/><label for=\"avia_7_1\">Please prove that you are human by solving the equation <abbr class=\"required\" title=\"required\">*<\/abbr><\/label><input name=\"avia_7_1\" class=\"text_input captcha\" type=\"text\" id=\"avia_7_1\" value=\"\"\/><\/p><p class=' av_form_privacy_check av_contact_privacy_check first_form  form_element form_fullwidth' id='element_avia_8_1'><input  name=\"avia_8_1\" class=\"input_checkbox is_empty\" type=\"checkbox\" id=\"avia_8_1\" value=\"true\"\/><label class=\"input_checkbox_label\" for=\"avia_8_1\">Autorizo a recolha e tratamento dos dados inseridos neste formul\u00e1rio para efeitos de comunica\u00e7\u00f5es de acordo com a <a href='https:\/\/reinvent.pt\/politica-de-privacidade\/' target='_blank'>pol\u00edtica de privacidade<\/a> da Esta\u00e7\u00e3o Livre \u2013 Comunica\u00e7\u00e3o, Unipessoal, Lda. <abbr class=\"required\" title=\"required\">*<\/abbr><\/label><\/p><p class=\"form_element \"><input type=\"hidden\" value=\"1\" name=\"avia_generated_form1\" \/><input type=\"submit\" value=\" Enviar mensagem\" class=\"button\"  data-sending-label=\"Sending\"\/><\/p><\/fieldset><\/form><div id=\"ajaxresponse_1\" class=\"ajaxresponse ajaxresponse_1 hidden\"><\/div><\/div><\/div><!--close column table wrapper. Autoclose: 1 --><\/div><\/div><\/div><!-- close content main div --><\/div><\/div><div id='av-layout-grid-1'  class='av-layout-grid-container av-21350-7410793ab0fb89f87236712fd0654180 entry-content-wrapper main_color av-flex-cells  avia-builder-el-9  el_after_av_section  avia-builder-el-last  grid-row-not-first  container_wrap fullsize'  >\n\n<style type=\"text\/css\" data-created_by=\"avia_inline_auto\" id=\"style-css-av-1kkm8-eb16b8498f55a5e66779d839cb1c0a06\">\n.flex_cell.av-1kkm8-eb16b8498f55a5e66779d839cb1c0a06{\nvertical-align:top;\n}\n.responsive #top #wrap_all .flex_cell.av-1kkm8-eb16b8498f55a5e66779d839cb1c0a06{\npadding:0px 0px 0px 0px !important;\n}\n<\/style>\n<div class='flex_cell av-1kkm8-eb16b8498f55a5e66779d839cb1c0a06 av-gridrow-cell av_one_full no_margin  avia-builder-el-10  avia-builder-el-no-sibling  av-zero-padding'  ><div class='flex_cell_inner'>\n<\/div><\/div>\n<\/div><\/p>\n","protected":false},"excerpt":{"rendered":"","protected":false},"author":1,"featured_media":0,"parent":0,"menu_order":0,"comment_status":"closed","ping_status":"open","template":"","meta":{"footnotes":""},"class_list":["post-3203","page","type-page","status-publish","hentry"],"yoast_head":"<!-- This site is optimized with the Yoast SEO plugin v27.4 - https:\/\/yoast.com\/product\/yoast-seo-wordpress\/ -->\n<title>Contacts - REINVENT<\/title>\n<meta name=\"robots\" content=\"index, follow, max-snippet:-1, max-image-preview:large, max-video-preview:-1\" \/>\n<link rel=\"canonical\" href=\"https:\/\/reinvent.pt\/en\/contacts\/\" \/>\n<meta property=\"og:locale\" content=\"en_US\" \/>\n<meta property=\"og:type\" content=\"article\" \/>\n<meta property=\"og:title\" content=\"Contacts - REINVENT\" \/>\n<meta property=\"og:url\" content=\"https:\/\/reinvent.pt\/en\/contacts\/\" \/>\n<meta property=\"og:site_name\" content=\"REINVENT\" \/>\n<meta property=\"article:publisher\" content=\"https:\/\/www.facebook.com\/ReinventTheEventEventPoint\" \/>\n<meta property=\"article:modified_time\" content=\"2026-04-23T13:35:59+00:00\" \/>\n<meta property=\"og:image\" content=\"https:\/\/i0.wp.com\/reinvent.pt\/wp-content\/uploads\/2025\/02\/ogmetaimg.png?fit=1200%2C675&ssl=1\" \/>\n\t<meta property=\"og:image:width\" content=\"1200\" \/>\n\t<meta property=\"og:image:height\" content=\"675\" \/>\n\t<meta property=\"og:image:type\" content=\"image\/png\" \/>\n<meta name=\"twitter:card\" content=\"summary_large_image\" \/>\n<meta name=\"twitter:label1\" content=\"Est. reading time\" \/>\n\t<meta name=\"twitter:data1\" content=\"1 minute\" \/>\n<script type=\"application\/ld+json\" class=\"yoast-schema-graph\">{\"@context\":\"https:\\\/\\\/schema.org\",\"@graph\":[{\"@type\":\"WebPage\",\"@id\":\"https:\\\/\\\/reinvent.pt\\\/en\\\/contacts\\\/\",\"url\":\"https:\\\/\\\/reinvent.pt\\\/en\\\/contacts\\\/\",\"name\":\"Contacts - REINVENT\",\"isPartOf\":{\"@id\":\"https:\\\/\\\/reinvent.pt\\\/en\\\/#website\"},\"datePublished\":\"2025-01-10T12:42:40+00:00\",\"dateModified\":\"2026-04-23T13:35:59+00:00\",\"breadcrumb\":{\"@id\":\"https:\\\/\\\/reinvent.pt\\\/en\\\/contacts\\\/#breadcrumb\"},\"inLanguage\":\"en-US\",\"potentialAction\":[{\"@type\":\"ReadAction\",\"target\":[\"https:\\\/\\\/reinvent.pt\\\/en\\\/contacts\\\/\"]}]},{\"@type\":\"BreadcrumbList\",\"@id\":\"https:\\\/\\\/reinvent.pt\\\/en\\\/contacts\\\/#breadcrumb\",\"itemListElement\":[{\"@type\":\"ListItem\",\"position\":1,\"name\":\"In\u00edcio\",\"item\":\"https:\\\/\\\/reinvent.pt\\\/en\\\/reinvent-the-event-2026-homepage\\\/\"},{\"@type\":\"ListItem\",\"position\":2,\"name\":\"Contacts\"}]},{\"@type\":\"WebSite\",\"@id\":\"https:\\\/\\\/reinvent.pt\\\/en\\\/#website\",\"url\":\"https:\\\/\\\/reinvent.pt\\\/en\\\/\",\"name\":\"REINVENT the event\",\"description\":\"O Reinvent the event ir\u00e1 realizar-se no dia 27 de outubro de 2025 no Centro de Congressos do Estoril\",\"publisher\":{\"@id\":\"https:\\\/\\\/reinvent.pt\\\/en\\\/#organization\"},\"alternateName\":\"REINVENT\",\"potentialAction\":[{\"@type\":\"SearchAction\",\"target\":{\"@type\":\"EntryPoint\",\"urlTemplate\":\"https:\\\/\\\/reinvent.pt\\\/en\\\/?s={search_term_string}\"},\"query-input\":{\"@type\":\"PropertyValueSpecification\",\"valueRequired\":true,\"valueName\":\"search_term_string\"}}],\"inLanguage\":\"en-US\"},{\"@type\":\"Organization\",\"@id\":\"https:\\\/\\\/reinvent.pt\\\/en\\\/#organization\",\"name\":\"Esta\u00e7\u00e3o Livre\",\"url\":\"https:\\\/\\\/reinvent.pt\\\/en\\\/\",\"logo\":{\"@type\":\"ImageObject\",\"inLanguage\":\"en-US\",\"@id\":\"https:\\\/\\\/reinvent.pt\\\/en\\\/#\\\/schema\\\/logo\\\/image\\\/\",\"url\":\"https:\\\/\\\/reinvent.pt\\\/wp-content\\\/uploads\\\/2025\\\/02\\\/horizontal-RGB.png\",\"contentUrl\":\"https:\\\/\\\/reinvent.pt\\\/wp-content\\\/uploads\\\/2025\\\/02\\\/horizontal-RGB.png\",\"width\":1015,\"height\":292,\"caption\":\"Esta\u00e7\u00e3o Livre\"},\"image\":{\"@id\":\"https:\\\/\\\/reinvent.pt\\\/en\\\/#\\\/schema\\\/logo\\\/image\\\/\"},\"sameAs\":[\"https:\\\/\\\/www.facebook.com\\\/ReinventTheEventEventPoint\",\"https:\\\/\\\/www.instagram.com\\\/reinvent_the_event\\\/\"]}]}<\/script>\n<!-- \/ Yoast SEO plugin. -->","yoast_head_json":{"title":"Contacts - REINVENT","robots":{"index":"index","follow":"follow","max-snippet":"max-snippet:-1","max-image-preview":"max-image-preview:large","max-video-preview":"max-video-preview:-1"},"canonical":"https:\/\/reinvent.pt\/en\/contacts\/","og_locale":"en_US","og_type":"article","og_title":"Contacts - REINVENT","og_url":"https:\/\/reinvent.pt\/en\/contacts\/","og_site_name":"REINVENT","article_publisher":"https:\/\/www.facebook.com\/ReinventTheEventEventPoint","article_modified_time":"2026-04-23T13:35:59+00:00","og_image":[{"width":1200,"height":675,"url":"https:\/\/i0.wp.com\/reinvent.pt\/wp-content\/uploads\/2025\/02\/ogmetaimg.png?fit=1200%2C675&ssl=1","type":"image\/png"}],"twitter_card":"summary_large_image","twitter_misc":{"Est. reading time":"1 minute"},"schema":{"@context":"https:\/\/schema.org","@graph":[{"@type":"WebPage","@id":"https:\/\/reinvent.pt\/en\/contacts\/","url":"https:\/\/reinvent.pt\/en\/contacts\/","name":"Contacts - REINVENT","isPartOf":{"@id":"https:\/\/reinvent.pt\/en\/#website"},"datePublished":"2025-01-10T12:42:40+00:00","dateModified":"2026-04-23T13:35:59+00:00","breadcrumb":{"@id":"https:\/\/reinvent.pt\/en\/contacts\/#breadcrumb"},"inLanguage":"en-US","potentialAction":[{"@type":"ReadAction","target":["https:\/\/reinvent.pt\/en\/contacts\/"]}]},{"@type":"BreadcrumbList","@id":"https:\/\/reinvent.pt\/en\/contacts\/#breadcrumb","itemListElement":[{"@type":"ListItem","position":1,"name":"In\u00edcio","item":"https:\/\/reinvent.pt\/en\/reinvent-the-event-2026-homepage\/"},{"@type":"ListItem","position":2,"name":"Contacts"}]},{"@type":"WebSite","@id":"https:\/\/reinvent.pt\/en\/#website","url":"https:\/\/reinvent.pt\/en\/","name":"REINVENT the event","description":"O Reinvent the event ir\u00e1 realizar-se no dia 27 de outubro de 2025 no Centro de Congressos do Estoril","publisher":{"@id":"https:\/\/reinvent.pt\/en\/#organization"},"alternateName":"REINVENT","potentialAction":[{"@type":"SearchAction","target":{"@type":"EntryPoint","urlTemplate":"https:\/\/reinvent.pt\/en\/?s={search_term_string}"},"query-input":{"@type":"PropertyValueSpecification","valueRequired":true,"valueName":"search_term_string"}}],"inLanguage":"en-US"},{"@type":"Organization","@id":"https:\/\/reinvent.pt\/en\/#organization","name":"Esta\u00e7\u00e3o Livre","url":"https:\/\/reinvent.pt\/en\/","logo":{"@type":"ImageObject","inLanguage":"en-US","@id":"https:\/\/reinvent.pt\/en\/#\/schema\/logo\/image\/","url":"https:\/\/reinvent.pt\/wp-content\/uploads\/2025\/02\/horizontal-RGB.png","contentUrl":"https:\/\/reinvent.pt\/wp-content\/uploads\/2025\/02\/horizontal-RGB.png","width":1015,"height":292,"caption":"Esta\u00e7\u00e3o Livre"},"image":{"@id":"https:\/\/reinvent.pt\/en\/#\/schema\/logo\/image\/"},"sameAs":["https:\/\/www.facebook.com\/ReinventTheEventEventPoint","https:\/\/www.instagram.com\/reinvent_the_event\/"]}]}},"_links":{"self":[{"href":"https:\/\/reinvent.pt\/en\/wp-json\/wp\/v2\/pages\/3203","targetHints":{"allow":["GET"]}}],"collection":[{"href":"https:\/\/reinvent.pt\/en\/wp-json\/wp\/v2\/pages"}],"about":[{"href":"https:\/\/reinvent.pt\/en\/wp-json\/wp\/v2\/types\/page"}],"author":[{"embeddable":true,"href":"https:\/\/reinvent.pt\/en\/wp-json\/wp\/v2\/users\/1"}],"replies":[{"embeddable":true,"href":"https:\/\/reinvent.pt\/en\/wp-json\/wp\/v2\/comments?post=3203"}],"version-history":[{"count":4,"href":"https:\/\/reinvent.pt\/en\/wp-json\/wp\/v2\/pages\/3203\/revisions"}],"predecessor-version":[{"id":3617,"href":"https:\/\/reinvent.pt\/en\/wp-json\/wp\/v2\/pages\/3203\/revisions\/3617"}],"wp:attachment":[{"href":"https:\/\/reinvent.pt\/en\/wp-json\/wp\/v2\/media?parent=3203"}],"curies":[{"name":"wp","href":"https:\/\/api.w.org\/{rel}","templated":true}]}}