{"id":3246,"date":"2025-10-28T18:04:52","date_gmt":"2025-10-28T18:04:52","guid":{"rendered":"https:\/\/reinvent.pt\/?page_id=3246"},"modified":"2026-04-23T16:22:16","modified_gmt":"2026-04-23T16:22:16","slug":"fotografias-e-videos-reinvent-2025","status":"publish","type":"page","link":"https:\/\/reinvent.pt\/en\/fotografias-e-videos-reinvent-2025\/","title":{"rendered":"REINVENT 2026 photos and videos"},"content":{"rendered":"\n<style type=\"text\/css\" data-created_by=\"avia_inline_auto\" id=\"style-css-av-1j2ws-5f94313d6e8724c738c03fa870e6f4a1\">\n.avia-section.av-1j2ws-5f94313d6e8724c738c03fa870e6f4a1{\nbackground-color:#9333ea;\nbackground:linear-gradient( to right, #9333ea, #2663ed );\n}\n<\/style>\n<div id='av_section_1'  class='avia-section av-1j2ws-5f94313d6e8724c738c03fa870e6f4a1 main_color avia-section-small avia-no-border-styling  avia-builder-el-0  el_before_av_section  avia-builder-el-first  avia-bg-style-scroll av-minimum-height av-minimum-height-custom av-height-custom  container_wrap fullsize'   data-av_minimum_height_px='350'><div class='container av-section-cont-open' style='height:350px'><main  role=\"main\" itemprop=\"mainContentOfPage\"  class='template-page content  av-content-full alpha units'><div class='post-entry post-entry-type-page post-entry-3246'><div class='entry-content-wrapper clearfix'>\n<div  class='flex_column av-12ry8-a82c0e624b8591d3c516d25d7dfa584b av_one_full  avia-builder-el-1  avia-builder-el-no-sibling  first flex_column_div  '     ><style type=\"text\/css\" data-created_by=\"avia_inline_auto\" id=\"style-css-av-m6kor93h-6210b73d8115fac1820d7d528a201a7c\">\n#top .av-special-heading.av-m6kor93h-6210b73d8115fac1820d7d528a201a7c{\npadding-bottom:0;\ncolor:#ffffff;\nfont-size:45px;\n}\nbody .av-special-heading.av-m6kor93h-6210b73d8115fac1820d7d528a201a7c .av-special-heading-tag .heading-char{\nfont-size:25px;\n}\n#top #wrap_all .av-special-heading.av-m6kor93h-6210b73d8115fac1820d7d528a201a7c .av-special-heading-tag{\nfont-size:45px;\n}\n.av-special-heading.av-m6kor93h-6210b73d8115fac1820d7d528a201a7c .special-heading-inner-border{\nborder-color:#ffffff;\n}\n.av-special-heading.av-m6kor93h-6210b73d8115fac1820d7d528a201a7c .av-subheading{\nfont-size:20px;\n}\n\n@media only screen and (min-width: 480px) and (max-width: 767px){ \n#top #wrap_all .av-special-heading.av-m6kor93h-6210b73d8115fac1820d7d528a201a7c .av-special-heading-tag{\nfont-size:0.8em;\n}\n}\n\n@media only screen and (max-width: 479px){ \n#top #wrap_all .av-special-heading.av-m6kor93h-6210b73d8115fac1820d7d528a201a7c .av-special-heading-tag{\nfont-size:0.8em;\n}\n}\n<\/style>\n<div  class='av-special-heading av-m6kor93h-6210b73d8115fac1820d7d528a201a7c av-special-heading-h1 custom-color-heading blockquote modern-quote modern-centered  avia-builder-el-2  avia-builder-el-no-sibling  av-inherit-size'><h1 class='av-special-heading-tag '  itemprop=\"headline\"  >Fotografias e v\u00eddeos REINVENT 2025<\/h1><div class='av_custom_color av-subheading av-subheading_below'><p>Consulte todas as imagens e v\u00eddeos captadas na \u00faltima edi\u00e7\u00e3o do REINVENT<\/p>\n<\/div><div class=\"special-heading-border\"><div class=\"special-heading-inner-border\"><\/div><\/div><\/div><\/div>\n\n<\/div><\/div><\/main><!-- close content main element --><\/div><\/div>\n<style type=\"text\/css\" data-created_by=\"avia_inline_auto\" id=\"style-css-av-5ep01a-5f17d3340ee22ca0e49cf175f4427b3d\">\n.avia-section.av-5ep01a-5f17d3340ee22ca0e49cf175f4427b3d{\nbackground-color:#ffffff;\nbackground-image:unset;\n}\n<\/style>\n<div id='av_section_2'  class='avia-section av-5ep01a-5f17d3340ee22ca0e49cf175f4427b3d main_color avia-section-large avia-no-border-styling  avia-builder-el-3  el_after_av_section  avia-builder-el-last  avia-bg-style-scroll container_wrap fullsize'  ><div class='container av-section-cont-open' ><div class='template-page content  av-content-full alpha units'><div class='post-entry post-entry-type-page post-entry-3246'><div class='entry-content-wrapper clearfix'>\n\n<style type=\"text\/css\" data-created_by=\"avia_inline_auto\" id=\"style-css-av-7rkd0j-da6841673826243f01bc79519175e694\">\n@keyframes av_boxShadowEffect_av-7rkd0j-da6841673826243f01bc79519175e694-column {\n0%   { box-shadow:  0 0 0 0 rgba(0,0,0,0.3); opacity: 1; }\n100% { box-shadow:  0 0 10px 0 rgba(0,0,0,0.3); opacity: 1; }\n}\n.flex_column.av-7rkd0j-da6841673826243f01bc79519175e694{\nbox-shadow: 0 0 10px 0 rgba(0,0,0,0.3);\nborder-radius:12px 12px 12px 12px;\npadding:30px 30px 30px 30px;\nbackground-color:#f1f1f1;\n}\n<\/style>\n<div  class='flex_column av-7rkd0j-da6841673826243f01bc79519175e694 av_one_full  avia-builder-el-4  el_before_av_one_full  avia-builder-el-first  first flex_column_div shadow-not-animated  '     ><p>\n<style type=\"text\/css\" data-created_by=\"avia_inline_auto\" id=\"style-css-av-mhda3lxh-1546c61126152efd47f846c826f26fc4\">\n#top .av-special-heading.av-mhda3lxh-1546c61126152efd47f846c826f26fc4{\npadding-bottom:0;\n}\nbody .av-special-heading.av-mhda3lxh-1546c61126152efd47f846c826f26fc4 .av-special-heading-tag .heading-char{\nfont-size:25px;\n}\n.av-special-heading.av-mhda3lxh-1546c61126152efd47f846c826f26fc4 .av-subheading{\nfont-size:16px;\n}\n<\/style>\n<div  class='av-special-heading av-mhda3lxh-1546c61126152efd47f846c826f26fc4 av-special-heading-h3 custom-color-heading blockquote modern-quote  avia-builder-el-5  el_before_av_textblock  avia-builder-el-first '><h3 class='av-special-heading-tag '  itemprop=\"headline\"  >Smile Together<\/h3><div class=\"special-heading-border\"><div class=\"special-heading-inner-border\"><\/div><\/div><\/div><br \/>\n<section  class='av_textblock_section av-mhda4wjn-e279090732370b2afb4054409581116c '   itemscope=\"itemscope\" itemtype=\"https:\/\/schema.org\/CreativeWork\" ><div class='avia_textblock'  itemprop=\"text\" ><p><strong>Please credit the author and tag the respective page when sharing images:<\/strong><\/p>\n<p>Instagram: @smiletogether.pt<\/p>\n<p>Facebook: @smiletogether.pt<\/p>\n<p>Website: www.smilestaff.pt<\/p>\n<\/div><\/section><br \/>\n\n<style type=\"text\/css\" data-created_by=\"avia_inline_auto\" id=\"style-css-av-63zasj-3cd94dc9e6066de0bfe4f4ccc0ec0546\">\n#top .hr.hr-invisible.av-63zasj-3cd94dc9e6066de0bfe4f4ccc0ec0546{\nheight:10px;\n}\n<\/style>\n<div  class='hr av-63zasj-3cd94dc9e6066de0bfe4f4ccc0ec0546 hr-invisible  avia-builder-el-7  el_after_av_textblock  el_before_av_button '><span class='hr-inner '><span class=\"hr-inner-style\"><\/span><\/span><\/div><br \/>\n<div  class='avia-button-wrap av-mhda58je-d73b886ddf677dea720fc2a017e5f515-wrap avia-button-right  avia-builder-el-8  el_after_av_hr  avia-builder-el-last '>\n<style type=\"text\/css\" data-created_by=\"avia_inline_auto\" id=\"style-css-av-mhda58je-d73b886ddf677dea720fc2a017e5f515\">\n#top #wrap_all .avia-button.av-mhda58je-d73b886ddf677dea720fc2a017e5f515{\nfont-size:18px;\nbackground-color:#f1f1f1;\nborder-color:#f1f1f1;\ncolor:#ef39ff;\ntransition:all 0.4s ease-in-out;\npadding:0 0 0 0;\n}\n#top #wrap_all .avia-button.av-mhda58je-d73b886ddf677dea720fc2a017e5f515:hover{\nbackground-color:#f1f1f1;\ncolor:#2b00ff;\ntransition:all 0.4s ease-in-out;\n}\n<\/style>\n<a href='https:\/\/joaoveigadossantos.pixieset.com\/reinventtheevent\/'  class='avia-button av-mhda58je-d73b886ddf677dea720fc2a017e5f515 av-link-btn avia-icon_select-yes-left-icon avia-size-small avia-position-right'  target=\"_blank\"  rel=\"noopener noreferrer\"  aria-label=\"Descarrregar conte\u00fados\"><span class='avia_button_icon avia_button_icon_left' aria-hidden='true' data-av_icon='\ue82d' data-av_iconfont='entypo-fontello'><\/span><span class='avia_iconbox_title' >Descarrregar conte\u00fados<\/span><\/a><\/div><\/p><\/div>\n<style type=\"text\/css\" data-created_by=\"avia_inline_auto\" id=\"style-css-av-7hpu6-0cddf9d300adcb570b2a677041d05def\">\n@keyframes av_boxShadowEffect_av-7hpu6-0cddf9d300adcb570b2a677041d05def-column {\n0%   { box-shadow:  0 0 0 0 rgba(0,0,0,0.3); opacity: 1; }\n100% { box-shadow:  0 0 10px 0 rgba(0,0,0,0.3); opacity: 1; }\n}\n.flex_column.av-7hpu6-0cddf9d300adcb570b2a677041d05def{\nbox-shadow: 0 0 10px 0 rgba(0,0,0,0.3);\nborder-radius:12px 12px 12px 12px;\npadding:30px 30px 30px 30px;\nbackground-color:#f1f1f1;\n}\n<\/style>\n<div  class='flex_column av-7hpu6-0cddf9d300adcb570b2a677041d05def av_one_full  avia-builder-el-9  el_after_av_one_full  el_before_av_one_full  first flex_column_div shadow-not-animated  column-top-margin'     ><p>\n<style type=\"text\/css\" data-created_by=\"avia_inline_auto\" id=\"style-css-av-m6picunm-0e9ebfb2c3db361a3513705b39292513\">\n#top .av-special-heading.av-m6picunm-0e9ebfb2c3db361a3513705b39292513{\npadding-bottom:0;\n}\nbody .av-special-heading.av-m6picunm-0e9ebfb2c3db361a3513705b39292513 .av-special-heading-tag .heading-char{\nfont-size:25px;\n}\n.av-special-heading.av-m6picunm-0e9ebfb2c3db361a3513705b39292513 .av-subheading{\nfont-size:16px;\n}\n<\/style>\n<div  class='av-special-heading av-m6picunm-0e9ebfb2c3db361a3513705b39292513 av-special-heading-h3 custom-color-heading blockquote modern-quote  avia-builder-el-10  el_before_av_textblock  avia-builder-el-first '><h3 class='av-special-heading-tag '  itemprop=\"headline\"  >Nuno Ramos Photography<\/h3><div class=\"special-heading-border\"><div class=\"special-heading-inner-border\"><\/div><\/div><\/div><br \/>\n<section  class='av_textblock_section av-m6pig41j-4691af4e4949697ee0cd0bc101b414ab '   itemscope=\"itemscope\" itemtype=\"https:\/\/schema.org\/CreativeWork\" ><div class='avia_textblock'  itemprop=\"text\" ><p><strong>Please credit the author and tag the respective page when sharing images:<\/strong><\/p>\n<p>Instagram: @nunoramos.photographer<\/p>\n<p>Facebook: @nunoramosphotography<\/p>\n<p>Website: www.nunoramos.pt<\/p>\n<\/div><\/section><br \/>\n\n<style type=\"text\/css\" data-created_by=\"avia_inline_auto\" id=\"style-css-av-m6piglbl-f5d5a07392d4055f65c1bfb9e99931d7\">\n#top .hr.hr-invisible.av-m6piglbl-f5d5a07392d4055f65c1bfb9e99931d7{\nheight:10px;\n}\n<\/style>\n<div  class='hr av-m6piglbl-f5d5a07392d4055f65c1bfb9e99931d7 hr-invisible  avia-builder-el-12  el_after_av_textblock  el_before_av_button '><span class='hr-inner '><span class=\"hr-inner-style\"><\/span><\/span><\/div><br \/>\n<div  class='avia-button-wrap av-ancvy-f68d525dd104a54e16da9158baecb911-wrap avia-button-right  avia-builder-el-13  el_after_av_hr  avia-builder-el-last '>\n<style type=\"text\/css\" data-created_by=\"avia_inline_auto\" id=\"style-css-av-ancvy-f68d525dd104a54e16da9158baecb911\">\n#top #wrap_all .avia-button.av-ancvy-f68d525dd104a54e16da9158baecb911{\nfont-size:18px;\nbackground-color:#f1f1f1;\nborder-color:#f1f1f1;\ncolor:#ef39ff;\ntransition:all 0.4s ease-in-out;\npadding:0 0 0 0;\n}\n#top #wrap_all .avia-button.av-ancvy-f68d525dd104a54e16da9158baecb911:hover{\nbackground-color:#f1f1f1;\ncolor:#2b00ff;\ntransition:all 0.4s ease-in-out;\n}\n<\/style>\n<a href='https:\/\/nunoramos.pixieset.com\/reinvent2025\/'  class='avia-button av-ancvy-f68d525dd104a54e16da9158baecb911 av-link-btn avia-icon_select-yes-left-icon avia-size-small avia-position-right'  target=\"_blank\"  rel=\"noopener noreferrer\"  aria-label=\"Descarrregar conte\u00fados\"><span class='avia_button_icon avia_button_icon_left' aria-hidden='true' data-av_icon='\ue82d' data-av_iconfont='entypo-fontello'><\/span><span class='avia_iconbox_title' >Descarrregar conte\u00fados<\/span><\/a><\/div><\/p><\/div>\n<style type=\"text\/css\" data-created_by=\"avia_inline_auto\" id=\"style-css-av-cy0w3-ea1d21d6fcfb422a7baae18ed4ba5a37\">\n@keyframes av_boxShadowEffect_av-cy0w3-ea1d21d6fcfb422a7baae18ed4ba5a37-column {\n0%   { box-shadow:  0 0 0 0 rgba(0,0,0,0.3); opacity: 1; }\n100% { box-shadow:  0 0 10px 0 rgba(0,0,0,0.3); opacity: 1; }\n}\n.flex_column.av-cy0w3-ea1d21d6fcfb422a7baae18ed4ba5a37{\nbox-shadow: 0 0 10px 0 rgba(0,0,0,0.3);\nborder-radius:12px 12px 12px 12px;\npadding:30px 30px 30px 30px;\nbackground-color:#f1f1f1;\n}\n<\/style>\n<div  class='flex_column av-cy0w3-ea1d21d6fcfb422a7baae18ed4ba5a37 av_one_full  avia-builder-el-14  el_after_av_one_full  el_before_av_one_full  first flex_column_div shadow-not-animated  column-top-margin'     ><p>\n<style type=\"text\/css\" data-created_by=\"avia_inline_auto\" id=\"style-css-av-mhda89b3-659a314cd907b828841c9ba83bff33d1\">\n#top .av-special-heading.av-mhda89b3-659a314cd907b828841c9ba83bff33d1{\npadding-bottom:0;\n}\nbody .av-special-heading.av-mhda89b3-659a314cd907b828841c9ba83bff33d1 .av-special-heading-tag .heading-char{\nfont-size:25px;\n}\n.av-special-heading.av-mhda89b3-659a314cd907b828841c9ba83bff33d1 .av-subheading{\nfont-size:16px;\n}\n<\/style>\n<div  class='av-special-heading av-mhda89b3-659a314cd907b828841c9ba83bff33d1 av-special-heading-h3 custom-color-heading blockquote modern-quote  avia-builder-el-15  el_before_av_textblock  avia-builder-el-first '><h3 class='av-special-heading-tag '  itemprop=\"headline\"  >Fresco Produ\u00e7\u00f5es<\/h3><div class=\"special-heading-border\"><div class=\"special-heading-inner-border\"><\/div><\/div><\/div><br \/>\n<section  class='av_textblock_section av-mhda81aw-6f7bbc9609685e7db368537f76153641 '   itemscope=\"itemscope\" itemtype=\"https:\/\/schema.org\/CreativeWork\" ><div class='avia_textblock'  itemprop=\"text\" ><p><strong>Please credit the author and tag the respective page when sharing images:<\/strong><\/p>\n<p>Instagram: @fresco_producoes<\/p>\n<p>Facebook: @frescoproducoes<\/p>\n<p>Website: www.frescoproducoes.com<\/p>\n<\/div><\/section><br \/>\n\n<style type=\"text\/css\" data-created_by=\"avia_inline_auto\" id=\"style-css-av-98hsj-264c95bc62b06efc7daa0ac384d8bbaa\">\n#top .hr.hr-invisible.av-98hsj-264c95bc62b06efc7daa0ac384d8bbaa{\nheight:10px;\n}\n<\/style>\n<div  class='hr av-98hsj-264c95bc62b06efc7daa0ac384d8bbaa hr-invisible  avia-builder-el-17  el_after_av_textblock  el_before_av_button '><span class='hr-inner '><span class=\"hr-inner-style\"><\/span><\/span><\/div><br \/>\n<div  class='avia-button-wrap av-mhda6s3n-ac29c0012745418555509e8446d6e1c0-wrap avia-button-right  avia-builder-el-18  el_after_av_hr  avia-builder-el-last '>\n<style type=\"text\/css\" data-created_by=\"avia_inline_auto\" id=\"style-css-av-mhda6s3n-ac29c0012745418555509e8446d6e1c0\">\n#top #wrap_all .avia-button.av-mhda6s3n-ac29c0012745418555509e8446d6e1c0{\nfont-size:18px;\nbackground-color:#f1f1f1;\nborder-color:#f1f1f1;\ncolor:#ef39ff;\ntransition:all 0.4s ease-in-out;\npadding:0 0 0 0;\n}\n#top #wrap_all .avia-button.av-mhda6s3n-ac29c0012745418555509e8446d6e1c0:hover{\nbackground-color:#f1f1f1;\ncolor:#2b00ff;\ntransition:all 0.4s ease-in-out;\n}\n<\/style>\n<a href='https:\/\/photos.app.goo.gl\/FMQ8qqVS4Nwf6nv77'  class='avia-button av-mhda6s3n-ac29c0012745418555509e8446d6e1c0 av-link-btn avia-icon_select-yes-left-icon avia-size-small avia-position-right'  target=\"_blank\"  rel=\"noopener noreferrer\"  aria-label=\"Descarrregar conte\u00fados\"><span class='avia_button_icon avia_button_icon_left' aria-hidden='true' data-av_icon='\ue82d' data-av_iconfont='entypo-fontello'><\/span><span class='avia_iconbox_title' >Descarrregar conte\u00fados<\/span><\/a><\/div><\/p><\/div>\n<style type=\"text\/css\" data-created_by=\"avia_inline_auto\" id=\"style-css-av-46k5ym-085d75c72a18cebaca09a3e7a7f6fd3b\">\n@keyframes av_boxShadowEffect_av-46k5ym-085d75c72a18cebaca09a3e7a7f6fd3b-column {\n0%   { box-shadow:  0 0 0 0 rgba(0,0,0,0.3); opacity: 1; }\n100% { box-shadow:  0 0 10px 0 rgba(0,0,0,0.3); opacity: 1; }\n}\n.flex_column.av-46k5ym-085d75c72a18cebaca09a3e7a7f6fd3b{\nbox-shadow: 0 0 10px 0 rgba(0,0,0,0.3);\nborder-radius:12px 12px 12px 12px;\npadding:30px 30px 30px 30px;\nbackground-color:#f1f1f1;\n}\n<\/style>\n<div  class='flex_column av-46k5ym-085d75c72a18cebaca09a3e7a7f6fd3b av_one_full  avia-builder-el-19  el_after_av_one_full  avia-builder-el-last  first flex_column_div shadow-not-animated  column-top-margin'     ><p>\n<style type=\"text\/css\" data-created_by=\"avia_inline_auto\" id=\"style-css-av-mhj9vcqo-e64e99771660a135782cbdec7dadea71\">\n#top .av-special-heading.av-mhj9vcqo-e64e99771660a135782cbdec7dadea71{\npadding-bottom:0;\n}\nbody .av-special-heading.av-mhj9vcqo-e64e99771660a135782cbdec7dadea71 .av-special-heading-tag .heading-char{\nfont-size:25px;\n}\n.av-special-heading.av-mhj9vcqo-e64e99771660a135782cbdec7dadea71 .av-subheading{\nfont-size:16px;\n}\n<\/style>\n<div  class='av-special-heading av-mhj9vcqo-e64e99771660a135782cbdec7dadea71 av-special-heading-h3 custom-color-heading blockquote modern-quote  avia-builder-el-20  el_before_av_textblock  avia-builder-el-first '><h3 class='av-special-heading-tag '  itemprop=\"headline\"  >Search photos using AI<\/h3><div class=\"special-heading-border\"><div class=\"special-heading-inner-border\"><\/div><\/div><\/div><br \/>\n<section  class='av_textblock_section av-mhj9uyzi-4b268e089024806131584078f27c6f28 '   itemscope=\"itemscope\" itemtype=\"https:\/\/schema.org\/CreativeWork\" ><div class='avia_textblock'  itemprop=\"text\" ><p><strong>Find your photo using AI.<\/strong><\/p>\n<\/div><\/section><br \/>\n\n<style type=\"text\/css\" data-created_by=\"avia_inline_auto\" id=\"style-css-av-1vp1zi-464e325fd2cf166822adcce392ea4caf\">\n#top .hr.hr-invisible.av-1vp1zi-464e325fd2cf166822adcce392ea4caf{\nheight:10px;\n}\n<\/style>\n<div  class='hr av-1vp1zi-464e325fd2cf166822adcce392ea4caf hr-invisible  avia-builder-el-22  el_after_av_textblock  el_before_av_button '><span class='hr-inner '><span class=\"hr-inner-style\"><\/span><\/span><\/div><br \/>\n<div  class='avia-button-wrap av-mhj9v33d-1ee790f6077ce1872dd4e60d4b0471aa-wrap avia-button-right  avia-builder-el-23  el_after_av_hr  avia-builder-el-last '>\n<style type=\"text\/css\" data-created_by=\"avia_inline_auto\" id=\"style-css-av-mhj9v33d-1ee790f6077ce1872dd4e60d4b0471aa\">\n#top #wrap_all .avia-button.av-mhj9v33d-1ee790f6077ce1872dd4e60d4b0471aa{\nfont-size:18px;\nbackground-color:#f1f1f1;\nborder-color:#f1f1f1;\ncolor:#ef39ff;\ntransition:all 0.4s ease-in-out;\npadding:0 0 0 0;\n}\n#top #wrap_all .avia-button.av-mhj9v33d-1ee790f6077ce1872dd4e60d4b0471aa:hover{\nbackground-color:#f1f1f1;\ncolor:#2b00ff;\ntransition:all 0.4s ease-in-out;\n}\n<\/style>\n<a href='https:\/\/link.getpica.com\/6z9YHI'  class='avia-button av-mhj9v33d-1ee790f6077ce1872dd4e60d4b0471aa av-link-btn avia-icon_select-yes-left-icon avia-size-small avia-position-right'  target=\"_blank\"  rel=\"noopener noreferrer\"  aria-label=\"Aceda aqui\"><span class='avia_button_icon avia_button_icon_left' aria-hidden='true' data-av_icon='\ue822' data-av_iconfont='entypo-fontello'><\/span><span class='avia_iconbox_title' >Aceda aqui<\/span><\/a><\/div><\/p><\/div>\n","protected":false},"excerpt":{"rendered":"","protected":false},"author":1,"featured_media":0,"parent":0,"menu_order":0,"comment_status":"closed","ping_status":"open","template":"","meta":{"footnotes":""},"class_list":["post-3246","page","type-page","status-publish","hentry"],"yoast_head":"<!-- This site is optimized with the Yoast SEO plugin v27.5 - https:\/\/yoast.com\/product\/yoast-seo-wordpress\/ -->\n<title>REINVENT 2026 photos and videos - REINVENT<\/title>\n<meta name=\"robots\" content=\"index, follow, max-snippet:-1, max-image-preview:large, max-video-preview:-1\" \/>\n<link rel=\"canonical\" href=\"https:\/\/reinvent.pt\/en\/fotografias-e-videos-reinvent-2025\/\" \/>\n<meta property=\"og:locale\" content=\"en_US\" \/>\n<meta property=\"og:type\" content=\"article\" \/>\n<meta property=\"og:title\" content=\"REINVENT 2026 photos and videos - REINVENT\" \/>\n<meta property=\"og:url\" content=\"https:\/\/reinvent.pt\/en\/fotografias-e-videos-reinvent-2025\/\" \/>\n<meta property=\"og:site_name\" content=\"REINVENT\" \/>\n<meta property=\"article:publisher\" content=\"https:\/\/www.facebook.com\/ReinventTheEventEventPoint\" \/>\n<meta property=\"article:modified_time\" content=\"2026-04-23T16:22:16+00:00\" \/>\n<meta property=\"og:image\" content=\"https:\/\/i0.wp.com\/reinvent.pt\/wp-content\/uploads\/2025\/02\/ogmetaimg.png?fit=1200%2C675&ssl=1\" \/>\n\t<meta property=\"og:image:width\" content=\"1200\" \/>\n\t<meta property=\"og:image:height\" content=\"675\" \/>\n\t<meta property=\"og:image:type\" content=\"image\/png\" \/>\n<meta name=\"twitter:card\" content=\"summary_large_image\" \/>\n<meta name=\"twitter:label1\" content=\"Est. reading time\" \/>\n\t<meta name=\"twitter:data1\" content=\"1 minute\" \/>\n<script type=\"application\/ld+json\" class=\"yoast-schema-graph\">{\"@context\":\"https:\\\/\\\/schema.org\",\"@graph\":[{\"@type\":\"WebPage\",\"@id\":\"https:\\\/\\\/reinvent.pt\\\/en\\\/fotografias-e-videos-reinvent-2025\\\/\",\"url\":\"https:\\\/\\\/reinvent.pt\\\/en\\\/fotografias-e-videos-reinvent-2025\\\/\",\"name\":\"REINVENT 2026 photos and videos - REINVENT\",\"isPartOf\":{\"@id\":\"https:\\\/\\\/reinvent.pt\\\/en\\\/#website\"},\"datePublished\":\"2025-10-28T18:04:52+00:00\",\"dateModified\":\"2026-04-23T16:22:16+00:00\",\"breadcrumb\":{\"@id\":\"https:\\\/\\\/reinvent.pt\\\/en\\\/fotografias-e-videos-reinvent-2025\\\/#breadcrumb\"},\"inLanguage\":\"en-US\",\"potentialAction\":[{\"@type\":\"ReadAction\",\"target\":[\"https:\\\/\\\/reinvent.pt\\\/en\\\/fotografias-e-videos-reinvent-2025\\\/\"]}]},{\"@type\":\"BreadcrumbList\",\"@id\":\"https:\\\/\\\/reinvent.pt\\\/en\\\/fotografias-e-videos-reinvent-2025\\\/#breadcrumb\",\"itemListElement\":[{\"@type\":\"ListItem\",\"position\":1,\"name\":\"In\u00edcio\",\"item\":\"https:\\\/\\\/reinvent.pt\\\/en\\\/reinvent-the-event-2026-homepage\\\/\"},{\"@type\":\"ListItem\",\"position\":2,\"name\":\"REINVENT 2026 photos and videos\"}]},{\"@type\":\"WebSite\",\"@id\":\"https:\\\/\\\/reinvent.pt\\\/en\\\/#website\",\"url\":\"https:\\\/\\\/reinvent.pt\\\/en\\\/\",\"name\":\"REINVENT the event\",\"description\":\"O Reinvent the event ir\u00e1 realizar-se no dia 27 de outubro de 2025 no Centro de Congressos do Estoril\",\"publisher\":{\"@id\":\"https:\\\/\\\/reinvent.pt\\\/en\\\/#organization\"},\"alternateName\":\"REINVENT\",\"potentialAction\":[{\"@type\":\"SearchAction\",\"target\":{\"@type\":\"EntryPoint\",\"urlTemplate\":\"https:\\\/\\\/reinvent.pt\\\/en\\\/?s={search_term_string}\"},\"query-input\":{\"@type\":\"PropertyValueSpecification\",\"valueRequired\":true,\"valueName\":\"search_term_string\"}}],\"inLanguage\":\"en-US\"},{\"@type\":\"Organization\",\"@id\":\"https:\\\/\\\/reinvent.pt\\\/en\\\/#organization\",\"name\":\"Esta\u00e7\u00e3o Livre\",\"url\":\"https:\\\/\\\/reinvent.pt\\\/en\\\/\",\"logo\":{\"@type\":\"ImageObject\",\"inLanguage\":\"en-US\",\"@id\":\"https:\\\/\\\/reinvent.pt\\\/en\\\/#\\\/schema\\\/logo\\\/image\\\/\",\"url\":\"https:\\\/\\\/reinvent.pt\\\/wp-content\\\/uploads\\\/2025\\\/02\\\/horizontal-RGB.png\",\"contentUrl\":\"https:\\\/\\\/reinvent.pt\\\/wp-content\\\/uploads\\\/2025\\\/02\\\/horizontal-RGB.png\",\"width\":1015,\"height\":292,\"caption\":\"Esta\u00e7\u00e3o Livre\"},\"image\":{\"@id\":\"https:\\\/\\\/reinvent.pt\\\/en\\\/#\\\/schema\\\/logo\\\/image\\\/\"},\"sameAs\":[\"https:\\\/\\\/www.facebook.com\\\/ReinventTheEventEventPoint\",\"https:\\\/\\\/www.instagram.com\\\/reinvent_the_event\\\/\"]}]}<\/script>\n<!-- \/ Yoast SEO plugin. -->","yoast_head_json":{"title":"REINVENT 2026 photos and videos - REINVENT","robots":{"index":"index","follow":"follow","max-snippet":"max-snippet:-1","max-image-preview":"max-image-preview:large","max-video-preview":"max-video-preview:-1"},"canonical":"https:\/\/reinvent.pt\/en\/fotografias-e-videos-reinvent-2025\/","og_locale":"en_US","og_type":"article","og_title":"REINVENT 2026 photos and videos - REINVENT","og_url":"https:\/\/reinvent.pt\/en\/fotografias-e-videos-reinvent-2025\/","og_site_name":"REINVENT","article_publisher":"https:\/\/www.facebook.com\/ReinventTheEventEventPoint","article_modified_time":"2026-04-23T16:22:16+00:00","og_image":[{"width":1200,"height":675,"url":"https:\/\/i0.wp.com\/reinvent.pt\/wp-content\/uploads\/2025\/02\/ogmetaimg.png?fit=1200%2C675&ssl=1","type":"image\/png"}],"twitter_card":"summary_large_image","twitter_misc":{"Est. reading time":"1 minute"},"schema":{"@context":"https:\/\/schema.org","@graph":[{"@type":"WebPage","@id":"https:\/\/reinvent.pt\/en\/fotografias-e-videos-reinvent-2025\/","url":"https:\/\/reinvent.pt\/en\/fotografias-e-videos-reinvent-2025\/","name":"REINVENT 2026 photos and videos - REINVENT","isPartOf":{"@id":"https:\/\/reinvent.pt\/en\/#website"},"datePublished":"2025-10-28T18:04:52+00:00","dateModified":"2026-04-23T16:22:16+00:00","breadcrumb":{"@id":"https:\/\/reinvent.pt\/en\/fotografias-e-videos-reinvent-2025\/#breadcrumb"},"inLanguage":"en-US","potentialAction":[{"@type":"ReadAction","target":["https:\/\/reinvent.pt\/en\/fotografias-e-videos-reinvent-2025\/"]}]},{"@type":"BreadcrumbList","@id":"https:\/\/reinvent.pt\/en\/fotografias-e-videos-reinvent-2025\/#breadcrumb","itemListElement":[{"@type":"ListItem","position":1,"name":"In\u00edcio","item":"https:\/\/reinvent.pt\/en\/reinvent-the-event-2026-homepage\/"},{"@type":"ListItem","position":2,"name":"REINVENT 2026 photos and videos"}]},{"@type":"WebSite","@id":"https:\/\/reinvent.pt\/en\/#website","url":"https:\/\/reinvent.pt\/en\/","name":"REINVENT the event","description":"O Reinvent the event ir\u00e1 realizar-se no dia 27 de outubro de 2025 no Centro de Congressos do Estoril","publisher":{"@id":"https:\/\/reinvent.pt\/en\/#organization"},"alternateName":"REINVENT","potentialAction":[{"@type":"SearchAction","target":{"@type":"EntryPoint","urlTemplate":"https:\/\/reinvent.pt\/en\/?s={search_term_string}"},"query-input":{"@type":"PropertyValueSpecification","valueRequired":true,"valueName":"search_term_string"}}],"inLanguage":"en-US"},{"@type":"Organization","@id":"https:\/\/reinvent.pt\/en\/#organization","name":"Esta\u00e7\u00e3o Livre","url":"https:\/\/reinvent.pt\/en\/","logo":{"@type":"ImageObject","inLanguage":"en-US","@id":"https:\/\/reinvent.pt\/en\/#\/schema\/logo\/image\/","url":"https:\/\/reinvent.pt\/wp-content\/uploads\/2025\/02\/horizontal-RGB.png","contentUrl":"https:\/\/reinvent.pt\/wp-content\/uploads\/2025\/02\/horizontal-RGB.png","width":1015,"height":292,"caption":"Esta\u00e7\u00e3o Livre"},"image":{"@id":"https:\/\/reinvent.pt\/en\/#\/schema\/logo\/image\/"},"sameAs":["https:\/\/www.facebook.com\/ReinventTheEventEventPoint","https:\/\/www.instagram.com\/reinvent_the_event\/"]}]}},"_links":{"self":[{"href":"https:\/\/reinvent.pt\/en\/wp-json\/wp\/v2\/pages\/3246","targetHints":{"allow":["GET"]}}],"collection":[{"href":"https:\/\/reinvent.pt\/en\/wp-json\/wp\/v2\/pages"}],"about":[{"href":"https:\/\/reinvent.pt\/en\/wp-json\/wp\/v2\/types\/page"}],"author":[{"embeddable":true,"href":"https:\/\/reinvent.pt\/en\/wp-json\/wp\/v2\/users\/1"}],"replies":[{"embeddable":true,"href":"https:\/\/reinvent.pt\/en\/wp-json\/wp\/v2\/comments?post=3246"}],"version-history":[{"count":0,"href":"https:\/\/reinvent.pt\/en\/wp-json\/wp\/v2\/pages\/3246\/revisions"}],"wp:attachment":[{"href":"https:\/\/reinvent.pt\/en\/wp-json\/wp\/v2\/media?parent=3246"}],"curies":[{"name":"wp","href":"https:\/\/api.w.org\/{rel}","templated":true}]}}