{"id":3306,"date":"2025-01-10T12:40:20","date_gmt":"2025-01-10T12:40:20","guid":{"rendered":"https:\/\/reinvent.pt\/?page_id=3306"},"modified":"2026-04-23T16:26:35","modified_gmt":"2026-04-23T16:26:35","slug":"location","status":"publish","type":"page","link":"https:\/\/reinvent.pt\/en\/location\/","title":{"rendered":"Location"},"content":{"rendered":"\n<style type=\"text\/css\" data-created_by=\"avia_inline_auto\" id=\"style-css-av-1jd0e-1a2ce1a0e4c9990c57214a5d3f99b100\">\n.avia-section.av-1jd0e-1a2ce1a0e4c9990c57214a5d3f99b100{\nbackground-color:#9333ea;\nbackground:linear-gradient( to right, #9333ea, #2663ed );\n}\n<\/style>\n<div id='av_section_1'  class='avia-section av-1jd0e-1a2ce1a0e4c9990c57214a5d3f99b100 main_color avia-section-small avia-no-border-styling  avia-builder-el-0  el_before_av_section  avia-builder-el-first  avia-bg-style-scroll av-minimum-height av-minimum-height-custom av-height-custom  container_wrap fullsize'   data-av_minimum_height_px='350'><div class='container av-section-cont-open' style='height:350px'><main  role=\"main\" itemprop=\"mainContentOfPage\"  class='template-page content  av-content-full alpha units'><div class='post-entry post-entry-type-page post-entry-3306'><div class='entry-content-wrapper clearfix'>\n<div  class='flex_column av-v38u-feff193a089610436478bcefdae6fa66 av_one_full  avia-builder-el-1  avia-builder-el-no-sibling  first flex_column_div  '     ><style type=\"text\/css\" data-created_by=\"avia_inline_auto\" id=\"style-css-av-m6kt2idb-564fa826b7f3241df7163f893df75655\">\n#top .av-special-heading.av-m6kt2idb-564fa826b7f3241df7163f893df75655{\npadding-bottom:0;\ncolor:#ffffff;\nfont-size:65px;\n}\nbody .av-special-heading.av-m6kt2idb-564fa826b7f3241df7163f893df75655 .av-special-heading-tag .heading-char{\nfont-size:25px;\n}\n#top #wrap_all .av-special-heading.av-m6kt2idb-564fa826b7f3241df7163f893df75655 .av-special-heading-tag{\nfont-size:65px;\n}\n.av-special-heading.av-m6kt2idb-564fa826b7f3241df7163f893df75655 .special-heading-inner-border{\nborder-color:#ffffff;\n}\n.av-special-heading.av-m6kt2idb-564fa826b7f3241df7163f893df75655 .av-subheading{\nfont-size:20px;\n}\n\n@media only screen and (min-width: 480px) and (max-width: 767px){ \n#top #wrap_all .av-special-heading.av-m6kt2idb-564fa826b7f3241df7163f893df75655 .av-special-heading-tag{\nfont-size:0.8em;\n}\n}\n\n@media only screen and (max-width: 479px){ \n#top #wrap_all .av-special-heading.av-m6kt2idb-564fa826b7f3241df7163f893df75655 .av-special-heading-tag{\nfont-size:0.8em;\n}\n}\n<\/style>\n<div  class='av-special-heading av-m6kt2idb-564fa826b7f3241df7163f893df75655 av-special-heading-h1 custom-color-heading blockquote modern-quote modern-centered  avia-builder-el-2  avia-builder-el-no-sibling  av-inherit-size'><h1 class='av-special-heading-tag '  itemprop=\"headline\"  >Location<\/h1><div class=\"special-heading-border\"><div class=\"special-heading-inner-border\"><\/div><\/div><\/div><\/div><\/div><\/div><\/main><!-- close content main element --><\/div><\/div><div id='av_section_2'  class='avia-section av-ak9xa-f9bcaacc0160d9b9f6fad672c4b74832 main_color avia-section-large avia-no-border-styling  avia-builder-el-3  el_after_av_section  el_before_av_section  avia-bg-style-scroll container_wrap fullsize'  ><div class='container av-section-cont-open' ><div class='template-page content  av-content-full alpha units'><div class='post-entry post-entry-type-page post-entry-3306'><div class='entry-content-wrapper clearfix'>\n<div class='flex_column_table av-9wfwe-8c414b8fb2fb7e49fa7bebf338c7877a sc-av_one_half av-equal-height-column-flextable'><div  class='flex_column av-9wfwe-8c414b8fb2fb7e49fa7bebf338c7877a av_one_half  avia-builder-el-4  el_before_av_one_half  avia-builder-el-first  first flex_column_table_cell av-equal-height-column av-align-middle  '     ><p>\n<style type=\"text\/css\" data-created_by=\"avia_inline_auto\" id=\"style-css-av-9cyfm-45578c42eae78e4788e28c1baffb53f1\">\n#top .av-special-heading.av-9cyfm-45578c42eae78e4788e28c1baffb53f1{\npadding-bottom:0;\ncolor:#03273c;\n}\nbody .av-special-heading.av-9cyfm-45578c42eae78e4788e28c1baffb53f1 .av-special-heading-tag .heading-char{\nfont-size:25px;\n}\n.av-special-heading.av-9cyfm-45578c42eae78e4788e28c1baffb53f1 .special-heading-inner-border{\nborder-color:#03273c;\n}\n.av-special-heading.av-9cyfm-45578c42eae78e4788e28c1baffb53f1 .av-subheading{\nfont-size:16px;\n}\n<\/style>\n<div  class='av-special-heading av-9cyfm-45578c42eae78e4788e28c1baffb53f1 av-special-heading-h2 custom-color-heading blockquote modern-quote  avia-builder-el-5  el_before_av_textblock  avia-builder-el-first '><h2 class='av-special-heading-tag '  itemprop=\"headline\"  >The REINVENT stage<\/h2><div class=\"special-heading-border\"><div class=\"special-heading-inner-border\"><\/div><\/div><\/div><br \/>\n\n<style type=\"text\/css\" data-created_by=\"avia_inline_auto\" id=\"style-css-av-8e8ie-da777c4f21943bf30f7ed3f82cd0a3da\">\n#top .av_textblock_section.av-8e8ie-da777c4f21943bf30f7ed3f82cd0a3da .avia_textblock{\ncolor:#03273c;\n}\n<\/style>\n<section  class='av_textblock_section av-8e8ie-da777c4f21943bf30f7ed3f82cd0a3da '   itemscope=\"itemscope\" itemtype=\"https:\/\/schema.org\/CreativeWork\" ><div class='avia_textblock av_inherit_color'  itemprop=\"text\" ><p>A pioneer in event sustainability, recognised with national and international awards, the <span class=\"hover:entity-accent entity-underline inline cursor-pointer align-baseline\"><span class=\"whitespace-normal\">Centro de Congressos do Estoril<\/span><\/span>is the venue that hosts REINVENT.<\/p>\n<\/div><\/section><br \/>\n\n<style type=\"text\/css\" data-created_by=\"avia_inline_auto\" id=\"style-css-av-89lja-fdbbd8d5d7894ade2712f293766eaeb6\">\n#top .hr.hr-invisible.av-89lja-fdbbd8d5d7894ade2712f293766eaeb6{\nheight:30px;\n}\n<\/style>\n<div  class='hr av-89lja-fdbbd8d5d7894ade2712f293766eaeb6 hr-invisible  avia-builder-el-7  el_after_av_textblock  el_before_av_iconlist '><span class='hr-inner '><span class=\"hr-inner-style\"><\/span><\/span><\/div><br \/>\n\n<style type=\"text\/css\" data-created_by=\"avia_inline_auto\" id=\"style-css-av-7d76e-04838639fd4908aed0fb70cb6233236a\">\n#top .avia-icon-list-container.av-7d76e-04838639fd4908aed0fb70cb6233236a .iconlist_icon{\ncolor:#ef39ff;\nbackground-color:#fdecfe;\nborder-style:dashed;\nborder-width:1px 1px 1px 1px;\nborder-color:#ef39ff;\n}\n#top #wrap_all .avia-icon-list-container.av-7d76e-04838639fd4908aed0fb70cb6233236a .av_iconlist_title{\nfont-size:20px;\ncolor:#03273c;\n}\n.avia-icon-list-container.av-7d76e-04838639fd4908aed0fb70cb6233236a .iconlist_content{\ncolor:#03273c;\n}\n<\/style>\n<div  class='avia-icon-list-container av-7d76e-04838639fd4908aed0fb70cb6233236a  avia-builder-el-8  el_after_av_hr  avia-builder-el-last '><ul class='avia-icon-list avia_animate_when_almost_visible avia-icon-list-left av-iconlist-big av-7d76e-04838639fd4908aed0fb70cb6233236a avia-iconlist-animate'>\n<li><div class='iconlist_icon av-6rh2u-9a7b6fc6a267cb531ac0537c82ddadb7 avia-font-entypo-fontello'><span class='iconlist-char' aria-hidden='true' data-av_icon='\ue82b' data-av_iconfont='entypo-fontello'><\/span><\/div><article class=\"article-icon-entry av-iconlist-empty\"  itemscope=\"itemscope\" itemtype=\"https:\/\/schema.org\/CreativeWork\" ><div class=\"iconlist_content_wrap\"><header class=\"entry-content-header\" aria-label=\"Icon: \u201cMelhor Desenvolvimento de Turismo\u201d 2002\"><h4 class='av_iconlist_title iconlist_title  av_inherit_color'  itemprop=\"headline\" >\u201cMelhor Desenvolvimento de Turismo\u201d 2002<\/h4><\/header><div class='iconlist_content av_inherit_color'  itemprop=\"text\" ><\/div><\/div><footer class=\"entry-footer\"><\/footer><\/article><div class=\"iconlist-timeline\"><\/div><\/li>\n<li><div class='iconlist_icon av-nagi-4d37476c57215fc4a6f0b3afef7a4ae1 avia-font-entypo-fontello'><span class='iconlist-char' aria-hidden='true' data-av_icon='\ue8b8' data-av_iconfont='entypo-fontello'><\/span><\/div><article class=\"article-icon-entry av-iconlist-empty\"  itemscope=\"itemscope\" itemtype=\"https:\/\/schema.org\/CreativeWork\" ><div class=\"iconlist_content_wrap\"><header class=\"entry-content-header\" aria-label=\"Icon: Green Venue (Gold Certification da EarthCheck)\"><h4 class='av_iconlist_title iconlist_title  av_inherit_color'  itemprop=\"headline\" >Green Venue (Gold Certification da EarthCheck)<\/h4><\/header><div class='iconlist_content av_inherit_color'  itemprop=\"text\" ><\/div><\/div><footer class=\"entry-footer\"><\/footer><\/article><div class=\"iconlist-timeline\"><\/div><\/li>\n<li><div class='iconlist_icon av-5itza-2df43db744d3fb1870a0ae2d9e67eb60 avia-font-entypo-fontello'><span class='iconlist-char' aria-hidden='true' data-av_icon='\ue8a8' data-av_iconfont='entypo-fontello'><\/span><\/div><article class=\"article-icon-entry av-iconlist-empty\"  itemscope=\"itemscope\" itemtype=\"https:\/\/schema.org\/CreativeWork\" ><div class=\"iconlist_content_wrap\"><header class=\"entry-content-header\" aria-label=\"Icon: \u201cExcel\u00eancia em Inova\u00e7\u00e3o e de Qualidade de Arquitetura\u201d 2002\"><h4 class='av_iconlist_title iconlist_title  av_inherit_color'  itemprop=\"headline\" >\u201cExcel\u00eancia em Inova\u00e7\u00e3o e de Qualidade de Arquitetura\u201d 2002<\/h4><\/header><div class='iconlist_content av_inherit_color'  itemprop=\"text\" ><\/div><\/div><footer class=\"entry-footer\"><\/footer><\/article><div class=\"iconlist-timeline\"><\/div><\/li>\n<\/ul><\/div><\/p><\/div><div class='av-flex-placeholder'><\/div><div  class='flex_column av-4zdo6-73814011bcf58352ed672fe72b3730dd av_one_half  avia-builder-el-9  el_after_av_one_half  avia-builder-el-last  flex_column_table_cell av-equal-height-column av-align-middle av-animated-generic right-to-left  '     ><style type=\"text\/css\" data-created_by=\"avia_inline_auto\" id=\"style-css-av-4assm-2a5fd91bd5703019a7aaecb51a2abadb\">\n.avia-image-container.av-4assm-2a5fd91bd5703019a7aaecb51a2abadb img.avia_image{\nbox-shadow:none;\n}\n.avia-image-container.av-4assm-2a5fd91bd5703019a7aaecb51a2abadb .av-image-caption-overlay-center{\ncolor:#ffffff;\n}\n<\/style>\n<div  class='avia-image-container av-4assm-2a5fd91bd5703019a7aaecb51a2abadb av-styling- avia-align-center  avia-builder-el-10  avia-builder-el-no-sibling '   itemprop=\"image\" itemscope=\"itemscope\" itemtype=\"https:\/\/schema.org\/ImageObject\" ><div class=\"avia-image-container-inner\"><div class=\"avia-image-overlay-wrap\"><img decoding=\"async\" fetchpriority=\"high\" class='wp-image-3304 avia-img-lazy-loading-not-3304 avia_image ' src=\"https:\/\/i0.wp.com\/reinvent.pt\/wp-content\/uploads\/2025\/10\/NRP17996-2.jpg?fit=1024%2C682&ssl=1\" alt='centro de congressos do estoril' title='centro de congressos do estoril'  height=\"682\" width=\"1024\"  itemprop=\"thumbnailUrl\" srcset=\"https:\/\/i0.wp.com\/reinvent.pt\/wp-content\/uploads\/2025\/10\/NRP17996-2.jpg?w=1024&amp;ssl=1 1024w, https:\/\/i0.wp.com\/reinvent.pt\/wp-content\/uploads\/2025\/10\/NRP17996-2.jpg?resize=300%2C200&amp;ssl=1 300w, https:\/\/i0.wp.com\/reinvent.pt\/wp-content\/uploads\/2025\/10\/NRP17996-2.jpg?resize=768%2C512&amp;ssl=1 768w, https:\/\/i0.wp.com\/reinvent.pt\/wp-content\/uploads\/2025\/10\/NRP17996-2.jpg?resize=705%2C470&amp;ssl=1 705w\" sizes=\"(max-width: 1024px) 100vw, 1024px\" \/><\/div><\/div><\/div><\/div><\/div><!--close column table wrapper. Autoclose: 1 --><\/div><\/div><\/div><!-- close content main div --><\/div><\/div>\n<style type=\"text\/css\" data-created_by=\"avia_inline_auto\" id=\"style-css-av-3yg4a-acb3bd161956137d8729fa73c484b606\">\n.avia-section.av-3yg4a-acb3bd161956137d8729fa73c484b606{\nbackground-color:#9333ea;\nbackground:linear-gradient( to right, #9333ea, #2663ed );\n}\n<\/style>\n<div id='av_section_3'  class='avia-section av-3yg4a-acb3bd161956137d8729fa73c484b606 main_color avia-section-default avia-no-border-styling  avia-builder-el-11  el_after_av_section  el_before_av_section  av-desktop-hide av-medium-hide av-small-hide av-mini-hide avia-bg-style-scroll container_wrap fullsize'  ><div class='container av-section-cont-open' ><div class='template-page content  av-content-full alpha units'><div class='post-entry post-entry-type-page post-entry-3306'><div class='entry-content-wrapper clearfix'>\n<div class='flex_column_table av-1fft2-2724cd17d0ebb9c0b75fcecd7afb0b13 sc-av_one_half av-equal-height-column-flextable'><div  class='flex_column av-1fft2-2724cd17d0ebb9c0b75fcecd7afb0b13 av_one_half  avia-builder-el-12  el_before_av_one_half  avia-builder-el-first  first flex_column_table_cell av-equal-height-column av-align-middle  '     ><p>\n<style type=\"text\/css\" data-created_by=\"avia_inline_auto\" id=\"style-css-av-m6qpy86v-65cf9c5d8169b2b93185998570268ec8\">\n#top .av-special-heading.av-m6qpy86v-65cf9c5d8169b2b93185998570268ec8{\npadding-bottom:0;\ncolor:#ffffff;\n}\nbody .av-special-heading.av-m6qpy86v-65cf9c5d8169b2b93185998570268ec8 .av-special-heading-tag .heading-char{\nfont-size:25px;\n}\n.av-special-heading.av-m6qpy86v-65cf9c5d8169b2b93185998570268ec8 .special-heading-inner-border{\nborder-color:#ffffff;\n}\n.av-special-heading.av-m6qpy86v-65cf9c5d8169b2b93185998570268ec8 .av-subheading{\nfont-size:16px;\n}\n<\/style>\n<div  class='av-special-heading av-m6qpy86v-65cf9c5d8169b2b93185998570268ec8 av-special-heading-h2 custom-color-heading blockquote modern-quote  avia-builder-el-13  el_before_av_textblock  avia-builder-el-first '><h2 class='av-special-heading-tag '  itemprop=\"headline\"  >REINVENT floor plan<\/h2><div class=\"special-heading-border\"><div class=\"special-heading-inner-border\"><\/div><\/div><\/div><br \/>\n\n<style type=\"text\/css\" data-created_by=\"avia_inline_auto\" id=\"style-css-av-m6qpydt0-ec39297e1a405dac5c53d2d19fab2ea4\">\n#top .av_textblock_section.av-m6qpydt0-ec39297e1a405dac5c53d2d19fab2ea4 .avia_textblock{\ncolor:#ffffff;\n}\n<\/style>\n<section  class='av_textblock_section av-m6qpydt0-ec39297e1a405dac5c53d2d19fab2ea4 '   itemscope=\"itemscope\" itemtype=\"https:\/\/schema.org\/CreativeWork\" ><div class='avia_textblock av_inherit_color'  itemprop=\"text\" ><p>Don\u2019t miss anything <a href=\"https:\/\/reinvent.pt\/sobre\/\">REINVENT<\/a> has to offer. Two floors with three stages, exhibition areas, workshop rooms, and much more!<\/p>\n<\/div><\/section><\/p><\/div><div class='av-flex-placeholder'><\/div><div  class='flex_column av-12dii-2c322134a285baae2d00ad78df81f829 av_one_half  avia-builder-el-15  el_after_av_one_half  avia-builder-el-last  flex_column_table_cell av-equal-height-column av-align-middle av-animated-generic right-to-left  '     ><style type=\"text\/css\" data-created_by=\"avia_inline_auto\" id=\"style-css-av-m6qq0a03-10d94a7bdad1598a950532cfa5212645\">\n.avia-image-container.av-m6qq0a03-10d94a7bdad1598a950532cfa5212645 img.avia_image{\nbox-shadow:none;\n}\n.avia-image-container.av-m6qq0a03-10d94a7bdad1598a950532cfa5212645 .av-image-caption-overlay-center{\ncolor:#ffffff;\n}\n<\/style>\n<div  class='avia-image-container av-m6qq0a03-10d94a7bdad1598a950532cfa5212645 av-styling- avia-align-center  avia-builder-el-16  avia-builder-el-no-sibling '   itemprop=\"image\" itemscope=\"itemscope\" itemtype=\"https:\/\/schema.org\/ImageObject\" ><div class=\"avia-image-container-inner\"><div class=\"avia-image-overlay-wrap\"><img decoding=\"async\" fetchpriority=\"high\" class='wp-image-3305 avia-img-lazy-loading-not-3305 avia_image ' src=\"https:\/\/i0.wp.com\/reinvent.pt\/wp-content\/uploads\/2025\/10\/planta.png?fit=919%2C1030&ssl=1\" alt='' title='planta'  height=\"1030\" width=\"919\"  itemprop=\"thumbnailUrl\" srcset=\"https:\/\/i0.wp.com\/reinvent.pt\/wp-content\/uploads\/2025\/10\/planta.png?w=1500&amp;ssl=1 1500w, https:\/\/i0.wp.com\/reinvent.pt\/wp-content\/uploads\/2025\/10\/planta.png?resize=268%2C300&amp;ssl=1 268w, https:\/\/i0.wp.com\/reinvent.pt\/wp-content\/uploads\/2025\/10\/planta.png?resize=919%2C1030&amp;ssl=1 919w, https:\/\/i0.wp.com\/reinvent.pt\/wp-content\/uploads\/2025\/10\/planta.png?resize=768%2C861&amp;ssl=1 768w, https:\/\/i0.wp.com\/reinvent.pt\/wp-content\/uploads\/2025\/10\/planta.png?resize=1371%2C1536&amp;ssl=1 1371w, https:\/\/i0.wp.com\/reinvent.pt\/wp-content\/uploads\/2025\/10\/planta.png?resize=1338%2C1500&amp;ssl=1 1338w, https:\/\/i0.wp.com\/reinvent.pt\/wp-content\/uploads\/2025\/10\/planta.png?resize=629%2C705&amp;ssl=1 629w\" sizes=\"(max-width: 919px) 100vw, 919px\" \/><\/div><\/div><\/div><\/div><\/div><!--close column table wrapper. Autoclose: 1 --><\/div><\/div><\/div><!-- close content main div --><\/div><\/div>\n<style type=\"text\/css\" data-created_by=\"avia_inline_auto\" id=\"style-css-av-1w16m-72c1ca157665102d36d94757a4db3872\">\n.avia-section.av-1w16m-72c1ca157665102d36d94757a4db3872{\nbackground-color:#f1f1f1;\nbackground-image:unset;\n}\n<\/style>\n<div id='av_section_4'  class='avia-section av-1w16m-72c1ca157665102d36d94757a4db3872 main_color avia-section-default avia-no-border-styling  avia-builder-el-17  el_after_av_section  avia-builder-el-last  avia-bg-style-scroll container_wrap fullsize'  ><div class='container av-section-cont-open' ><div class='template-page content  av-content-full alpha units'><div class='post-entry post-entry-type-page post-entry-3306'><div class='entry-content-wrapper clearfix'>\n<div  class='flex_column av-1j9oy-d9004bc2ded2c0567d3cbcaba6332f71 av_one_full  avia-builder-el-18  el_before_av_one_full  avia-builder-el-first  first flex_column_div  '     ><style type=\"text\/css\" data-created_by=\"avia_inline_auto\" id=\"style-css-av-rb22-92f4dfc0ebc9225e2f296f839d6502b0\">\n#top .av-special-heading.av-rb22-92f4dfc0ebc9225e2f296f839d6502b0{\npadding-bottom:0;\ncolor:#03273c;\n}\nbody .av-special-heading.av-rb22-92f4dfc0ebc9225e2f296f839d6502b0 .av-special-heading-tag .heading-char{\nfont-size:25px;\n}\n.av-special-heading.av-rb22-92f4dfc0ebc9225e2f296f839d6502b0 .special-heading-inner-border{\nborder-color:#03273c;\n}\n.av-special-heading.av-rb22-92f4dfc0ebc9225e2f296f839d6502b0 .av-subheading{\nfont-size:20px;\n}\n<\/style>\n<div  class='av-special-heading av-rb22-92f4dfc0ebc9225e2f296f839d6502b0 av-special-heading-h2 custom-color-heading blockquote modern-quote modern-centered  avia-builder-el-19  avia-builder-el-no-sibling '><h2 class='av-special-heading-tag '  itemprop=\"headline\"  >Centro de Congressos do Estoril<\/h2><div class=\"special-heading-border\"><div class=\"special-heading-inner-border\"><\/div><\/div><\/div><\/div><div  class='flex_column av-14rxm-4c53ed57e2ccae86c96e336db1781be9 av_one_full  avia-builder-el-20  el_after_av_one_full  avia-builder-el-last  first flex_column_div  column-top-margin'     ><\/div>\n<\/p>\n","protected":false},"excerpt":{"rendered":"","protected":false},"author":1,"featured_media":0,"parent":0,"menu_order":0,"comment_status":"closed","ping_status":"open","template":"","meta":{"footnotes":""},"class_list":["post-3306","page","type-page","status-publish","hentry"],"yoast_head":"<!-- This site is optimized with the Yoast SEO plugin v27.4 - https:\/\/yoast.com\/product\/yoast-seo-wordpress\/ -->\n<title>Location - REINVENT<\/title>\n<meta name=\"robots\" content=\"index, follow, max-snippet:-1, max-image-preview:large, max-video-preview:-1\" \/>\n<link rel=\"canonical\" href=\"https:\/\/reinvent.pt\/en\/location\/\" \/>\n<meta property=\"og:locale\" content=\"en_US\" \/>\n<meta property=\"og:type\" content=\"article\" \/>\n<meta property=\"og:title\" content=\"Location - REINVENT\" \/>\n<meta property=\"og:url\" content=\"https:\/\/reinvent.pt\/en\/location\/\" \/>\n<meta property=\"og:site_name\" content=\"REINVENT\" \/>\n<meta property=\"article:publisher\" content=\"https:\/\/www.facebook.com\/ReinventTheEventEventPoint\" \/>\n<meta property=\"article:modified_time\" content=\"2026-04-23T16:26:35+00:00\" \/>\n<meta property=\"og:image\" content=\"https:\/\/i0.wp.com\/reinvent.pt\/wp-content\/uploads\/2025\/02\/ogmetaimg.png?fit=1200%2C675&ssl=1\" \/>\n\t<meta property=\"og:image:width\" content=\"1200\" \/>\n\t<meta property=\"og:image:height\" content=\"675\" \/>\n\t<meta property=\"og:image:type\" content=\"image\/png\" \/>\n<meta name=\"twitter:card\" content=\"summary_large_image\" \/>\n<meta name=\"twitter:label1\" content=\"Est. reading time\" \/>\n\t<meta name=\"twitter:data1\" content=\"1 minute\" \/>\n<script type=\"application\/ld+json\" class=\"yoast-schema-graph\">{\"@context\":\"https:\\\/\\\/schema.org\",\"@graph\":[{\"@type\":\"WebPage\",\"@id\":\"https:\\\/\\\/reinvent.pt\\\/en\\\/location\\\/\",\"url\":\"https:\\\/\\\/reinvent.pt\\\/en\\\/location\\\/\",\"name\":\"Location - REINVENT\",\"isPartOf\":{\"@id\":\"https:\\\/\\\/reinvent.pt\\\/en\\\/#website\"},\"datePublished\":\"2025-01-10T12:40:20+00:00\",\"dateModified\":\"2026-04-23T16:26:35+00:00\",\"breadcrumb\":{\"@id\":\"https:\\\/\\\/reinvent.pt\\\/en\\\/location\\\/#breadcrumb\"},\"inLanguage\":\"en-US\",\"potentialAction\":[{\"@type\":\"ReadAction\",\"target\":[\"https:\\\/\\\/reinvent.pt\\\/en\\\/location\\\/\"]}]},{\"@type\":\"BreadcrumbList\",\"@id\":\"https:\\\/\\\/reinvent.pt\\\/en\\\/location\\\/#breadcrumb\",\"itemListElement\":[{\"@type\":\"ListItem\",\"position\":1,\"name\":\"In\u00edcio\",\"item\":\"https:\\\/\\\/reinvent.pt\\\/en\\\/reinvent-the-event-2026-homepage\\\/\"},{\"@type\":\"ListItem\",\"position\":2,\"name\":\"Location\"}]},{\"@type\":\"WebSite\",\"@id\":\"https:\\\/\\\/reinvent.pt\\\/en\\\/#website\",\"url\":\"https:\\\/\\\/reinvent.pt\\\/en\\\/\",\"name\":\"REINVENT the event\",\"description\":\"O Reinvent the event ir\u00e1 realizar-se no dia 27 de outubro de 2025 no Centro de Congressos do Estoril\",\"publisher\":{\"@id\":\"https:\\\/\\\/reinvent.pt\\\/en\\\/#organization\"},\"alternateName\":\"REINVENT\",\"potentialAction\":[{\"@type\":\"SearchAction\",\"target\":{\"@type\":\"EntryPoint\",\"urlTemplate\":\"https:\\\/\\\/reinvent.pt\\\/en\\\/?s={search_term_string}\"},\"query-input\":{\"@type\":\"PropertyValueSpecification\",\"valueRequired\":true,\"valueName\":\"search_term_string\"}}],\"inLanguage\":\"en-US\"},{\"@type\":\"Organization\",\"@id\":\"https:\\\/\\\/reinvent.pt\\\/en\\\/#organization\",\"name\":\"Esta\u00e7\u00e3o Livre\",\"url\":\"https:\\\/\\\/reinvent.pt\\\/en\\\/\",\"logo\":{\"@type\":\"ImageObject\",\"inLanguage\":\"en-US\",\"@id\":\"https:\\\/\\\/reinvent.pt\\\/en\\\/#\\\/schema\\\/logo\\\/image\\\/\",\"url\":\"https:\\\/\\\/reinvent.pt\\\/wp-content\\\/uploads\\\/2025\\\/02\\\/horizontal-RGB.png\",\"contentUrl\":\"https:\\\/\\\/reinvent.pt\\\/wp-content\\\/uploads\\\/2025\\\/02\\\/horizontal-RGB.png\",\"width\":1015,\"height\":292,\"caption\":\"Esta\u00e7\u00e3o Livre\"},\"image\":{\"@id\":\"https:\\\/\\\/reinvent.pt\\\/en\\\/#\\\/schema\\\/logo\\\/image\\\/\"},\"sameAs\":[\"https:\\\/\\\/www.facebook.com\\\/ReinventTheEventEventPoint\",\"https:\\\/\\\/www.instagram.com\\\/reinvent_the_event\\\/\"]}]}<\/script>\n<!-- \/ Yoast SEO plugin. -->","yoast_head_json":{"title":"Location - REINVENT","robots":{"index":"index","follow":"follow","max-snippet":"max-snippet:-1","max-image-preview":"max-image-preview:large","max-video-preview":"max-video-preview:-1"},"canonical":"https:\/\/reinvent.pt\/en\/location\/","og_locale":"en_US","og_type":"article","og_title":"Location - REINVENT","og_url":"https:\/\/reinvent.pt\/en\/location\/","og_site_name":"REINVENT","article_publisher":"https:\/\/www.facebook.com\/ReinventTheEventEventPoint","article_modified_time":"2026-04-23T16:26:35+00:00","og_image":[{"width":1200,"height":675,"url":"https:\/\/i0.wp.com\/reinvent.pt\/wp-content\/uploads\/2025\/02\/ogmetaimg.png?fit=1200%2C675&ssl=1","type":"image\/png"}],"twitter_card":"summary_large_image","twitter_misc":{"Est. reading time":"1 minute"},"schema":{"@context":"https:\/\/schema.org","@graph":[{"@type":"WebPage","@id":"https:\/\/reinvent.pt\/en\/location\/","url":"https:\/\/reinvent.pt\/en\/location\/","name":"Location - REINVENT","isPartOf":{"@id":"https:\/\/reinvent.pt\/en\/#website"},"datePublished":"2025-01-10T12:40:20+00:00","dateModified":"2026-04-23T16:26:35+00:00","breadcrumb":{"@id":"https:\/\/reinvent.pt\/en\/location\/#breadcrumb"},"inLanguage":"en-US","potentialAction":[{"@type":"ReadAction","target":["https:\/\/reinvent.pt\/en\/location\/"]}]},{"@type":"BreadcrumbList","@id":"https:\/\/reinvent.pt\/en\/location\/#breadcrumb","itemListElement":[{"@type":"ListItem","position":1,"name":"In\u00edcio","item":"https:\/\/reinvent.pt\/en\/reinvent-the-event-2026-homepage\/"},{"@type":"ListItem","position":2,"name":"Location"}]},{"@type":"WebSite","@id":"https:\/\/reinvent.pt\/en\/#website","url":"https:\/\/reinvent.pt\/en\/","name":"REINVENT the event","description":"O Reinvent the event ir\u00e1 realizar-se no dia 27 de outubro de 2025 no Centro de Congressos do Estoril","publisher":{"@id":"https:\/\/reinvent.pt\/en\/#organization"},"alternateName":"REINVENT","potentialAction":[{"@type":"SearchAction","target":{"@type":"EntryPoint","urlTemplate":"https:\/\/reinvent.pt\/en\/?s={search_term_string}"},"query-input":{"@type":"PropertyValueSpecification","valueRequired":true,"valueName":"search_term_string"}}],"inLanguage":"en-US"},{"@type":"Organization","@id":"https:\/\/reinvent.pt\/en\/#organization","name":"Esta\u00e7\u00e3o Livre","url":"https:\/\/reinvent.pt\/en\/","logo":{"@type":"ImageObject","inLanguage":"en-US","@id":"https:\/\/reinvent.pt\/en\/#\/schema\/logo\/image\/","url":"https:\/\/reinvent.pt\/wp-content\/uploads\/2025\/02\/horizontal-RGB.png","contentUrl":"https:\/\/reinvent.pt\/wp-content\/uploads\/2025\/02\/horizontal-RGB.png","width":1015,"height":292,"caption":"Esta\u00e7\u00e3o Livre"},"image":{"@id":"https:\/\/reinvent.pt\/en\/#\/schema\/logo\/image\/"},"sameAs":["https:\/\/www.facebook.com\/ReinventTheEventEventPoint","https:\/\/www.instagram.com\/reinvent_the_event\/"]}]}},"_links":{"self":[{"href":"https:\/\/reinvent.pt\/en\/wp-json\/wp\/v2\/pages\/3306","targetHints":{"allow":["GET"]}}],"collection":[{"href":"https:\/\/reinvent.pt\/en\/wp-json\/wp\/v2\/pages"}],"about":[{"href":"https:\/\/reinvent.pt\/en\/wp-json\/wp\/v2\/types\/page"}],"author":[{"embeddable":true,"href":"https:\/\/reinvent.pt\/en\/wp-json\/wp\/v2\/users\/1"}],"replies":[{"embeddable":true,"href":"https:\/\/reinvent.pt\/en\/wp-json\/wp\/v2\/comments?post=3306"}],"version-history":[{"count":5,"href":"https:\/\/reinvent.pt\/en\/wp-json\/wp\/v2\/pages\/3306\/revisions"}],"predecessor-version":[{"id":3626,"href":"https:\/\/reinvent.pt\/en\/wp-json\/wp\/v2\/pages\/3306\/revisions\/3626"}],"wp:attachment":[{"href":"https:\/\/reinvent.pt\/en\/wp-json\/wp\/v2\/media?parent=3306"}],"curies":[{"name":"wp","href":"https:\/\/api.w.org\/{rel}","templated":true}]}}