{"id":3440,"date":"2025-01-10T12:11:31","date_gmt":"2025-01-10T12:11:31","guid":{"rendered":"https:\/\/reinvent.pt\/?page_id=3440"},"modified":"2026-04-21T08:36:22","modified_gmt":"2026-04-21T08:36:22","slug":"privacy-policy","status":"publish","type":"page","link":"https:\/\/reinvent.pt\/en\/privacy-policy\/","title":{"rendered":"Privacy policy"},"content":{"rendered":"<section  class='av_textblock_section av-m6s3t3fu-a0091659d4b62c3533382d08e9776227 '   itemscope=\"itemscope\" itemtype=\"https:\/\/schema.org\/CreativeWork\" ><div class='avia_textblock'  itemprop=\"text\" ><div style=\"text-align: center;\">\n<h3 data-start=\"98\" data-end=\"143\"><strong data-start=\"102\" data-end=\"143\">Pol\u00edtica de Privacidade &#8211; reinvent.pt<\/strong><\/h3>\n<p data-start=\"145\" data-end=\"406\">A <strong data-start=\"147\" data-end=\"196\">Esta\u00e7\u00e3o Livre \u2013 Comunica\u00e7\u00e3o, Unipessoal, Lda.<\/strong>, editora da <strong data-start=\"209\" data-end=\"224\">Event Point<\/strong>, \u00e9 a entidade respons\u00e1vel pela recolha e tratamento dos seus dados pessoais, de acordo com o Regulamento Geral de Prote\u00e7\u00e3o de Dados (RGPD), que entrou em vigor a 25 de maio de 2018.<\/p>\n<p data-start=\"408\" data-end=\"657\"><strong data-start=\"408\" data-end=\"447\">1. Como \u00e9 feita a recolha de dados?<\/strong> A navega\u00e7\u00e3o pelo site <strong data-start=\"470\" data-end=\"485\">reinvent.pt<\/strong> n\u00e3o implica, por si s\u00f3, a recolha de dados pessoais. A recolha de dados ocorre quando o utilizador preenche de forma clara e inequ\u00edvoca os formul\u00e1rios dispon\u00edveis no site.<\/p>\n<p data-start=\"659\" data-end=\"992\"><strong data-start=\"659\" data-end=\"700\">2. Quais os dados que s\u00e3o recolhidos?<\/strong> A <strong data-start=\"703\" data-end=\"720\">Esta\u00e7\u00e3o Livre<\/strong> compromete-se a recolher apenas o menor n\u00famero de dados pessoais necess\u00e1rios para as finalidades especificadas. Estes dados podem incluir, mas n\u00e3o se limitam a, nome, e-mail e outras informa\u00e7\u00f5es fornecidas pelo utilizador atrav\u00e9s de formul\u00e1rios de contacto ou inscri\u00e7\u00f5es.<\/p>\n<p data-start=\"994\" data-end=\"1295\"><strong data-start=\"994\" data-end=\"1028\">3. Como s\u00e3o mantidos os dados?<\/strong> Os dados recolhidos s\u00e3o armazenados em bases de dados seguras e s\u00e3o utilizados exclusivamente pela <strong data-start=\"1128\" data-end=\"1145\">Esta\u00e7\u00e3o Livre<\/strong>, a entidade respons\u00e1vel pela recolha dos dados. N\u00e3o existe, em momento algum, partilha dos dados com terceiros, salvo em situa\u00e7\u00f5es previstas por lei.<\/p>\n<p data-start=\"1297\" data-end=\"1613\"><strong data-start=\"1297\" data-end=\"1330\">4. Partilha de dados pessoais<\/strong> O site pode conter links para sites de terceiros. A <strong data-start=\"1383\" data-end=\"1400\">Esta\u00e7\u00e3o Livre<\/strong> n\u00e3o se responsabiliza pela recolha, tratamento e utiliza\u00e7\u00e3o de dados pessoais por esses sites. Recomendamos que consulte as pol\u00edticas de privacidade de outros sites antes de partilhar qualquer informa\u00e7\u00e3o pessoal.<\/p>\n<p data-start=\"1615\" data-end=\"2046\"><strong data-start=\"1615\" data-end=\"1633\">5. Publicidade<\/strong> Ao aceder ao site da <strong data-start=\"1655\" data-end=\"1670\">Event Point<\/strong>, o utilizador concorda em visualizar e interagir com an\u00fancios publicit\u00e1rios presentes no site. O site pode tamb\u00e9m utilizar pr\u00e1ticas de <strong data-start=\"1806\" data-end=\"1821\">remarketing<\/strong>, direcionando an\u00fancios com base nas intera\u00e7\u00f5es anteriores do utilizador com o site. A <strong data-start=\"1909\" data-end=\"1926\">Esta\u00e7\u00e3o Livre<\/strong> transmite aos seus parceiros de neg\u00f3cios apenas dados estat\u00edsticos gerais e em conformidade com a legisla\u00e7\u00e3o aplic\u00e1vel.<\/p>\n<p data-start=\"2048\" data-end=\"2277\"><strong data-start=\"2048\" data-end=\"2090\">6. Como aceder aos seus dados pessoais<\/strong> Caso deseje modificar, atualizar ou apagar os seus dados pessoais, pode enviar um e-mail para <strong data-start=\"2185\" data-end=\"2221\"><a rel=\"noopener\" data-start=\"2187\" data-end=\"2219\">info@eventpointinternational.com<\/a><\/strong>. A sua solicita\u00e7\u00e3o ser\u00e1 tratada com a m\u00e1xima brevidade.<\/p>\n<p data-start=\"2279\" data-end=\"2527\"><strong data-start=\"2279\" data-end=\"2322\">7. Altera\u00e7\u00f5es \u00e0 Pol\u00edtica de Privacidade<\/strong> A <strong data-start=\"2325\" data-end=\"2342\">Esta\u00e7\u00e3o Livre<\/strong> reserva-se o direito de alterar esta Pol\u00edtica de Privacidade a qualquer momento. Recomendamos que consulte esta p\u00e1gina regularmente para se manter informado sobre quaisquer altera\u00e7\u00f5es.<\/p>\n<\/div>\n<\/div><\/section>\n","protected":false},"excerpt":{"rendered":"","protected":false},"author":1,"featured_media":0,"parent":0,"menu_order":0,"comment_status":"closed","ping_status":"open","template":"","meta":{"footnotes":""},"class_list":["post-3440","page","type-page","status-publish","hentry"],"yoast_head":"<!-- This site is optimized with the Yoast SEO plugin v27.4 - https:\/\/yoast.com\/product\/yoast-seo-wordpress\/ -->\n<title>Privacy policy - REINVENT<\/title>\n<meta name=\"robots\" content=\"index, follow, max-snippet:-1, max-image-preview:large, max-video-preview:-1\" \/>\n<link rel=\"canonical\" href=\"https:\/\/reinvent.pt\/en\/privacy-policy\/\" \/>\n<meta property=\"og:locale\" content=\"en_US\" \/>\n<meta property=\"og:type\" content=\"article\" \/>\n<meta property=\"og:title\" content=\"Privacy policy - REINVENT\" \/>\n<meta property=\"og:url\" content=\"https:\/\/reinvent.pt\/en\/privacy-policy\/\" \/>\n<meta property=\"og:site_name\" content=\"REINVENT\" \/>\n<meta property=\"article:publisher\" content=\"https:\/\/www.facebook.com\/ReinventTheEventEventPoint\" \/>\n<meta property=\"article:modified_time\" content=\"2026-04-21T08:36:22+00:00\" \/>\n<meta property=\"og:image\" content=\"https:\/\/i0.wp.com\/reinvent.pt\/wp-content\/uploads\/2025\/02\/ogmetaimg.png?fit=1200%2C675&ssl=1\" \/>\n\t<meta property=\"og:image:width\" content=\"1200\" \/>\n\t<meta property=\"og:image:height\" content=\"675\" \/>\n\t<meta property=\"og:image:type\" content=\"image\/png\" \/>\n<meta name=\"twitter:card\" content=\"summary_large_image\" \/>\n<meta name=\"twitter:label1\" content=\"Est. reading time\" \/>\n\t<meta name=\"twitter:data1\" content=\"2 minutes\" \/>\n<script type=\"application\/ld+json\" class=\"yoast-schema-graph\">{\"@context\":\"https:\\\/\\\/schema.org\",\"@graph\":[{\"@type\":\"WebPage\",\"@id\":\"https:\\\/\\\/reinvent.pt\\\/en\\\/privacy-policy\\\/\",\"url\":\"https:\\\/\\\/reinvent.pt\\\/en\\\/privacy-policy\\\/\",\"name\":\"Privacy policy - REINVENT\",\"isPartOf\":{\"@id\":\"https:\\\/\\\/reinvent.pt\\\/en\\\/#website\"},\"datePublished\":\"2025-01-10T12:11:31+00:00\",\"dateModified\":\"2026-04-21T08:36:22+00:00\",\"breadcrumb\":{\"@id\":\"https:\\\/\\\/reinvent.pt\\\/en\\\/privacy-policy\\\/#breadcrumb\"},\"inLanguage\":\"en-US\",\"potentialAction\":[{\"@type\":\"ReadAction\",\"target\":[\"https:\\\/\\\/reinvent.pt\\\/en\\\/privacy-policy\\\/\"]}]},{\"@type\":\"BreadcrumbList\",\"@id\":\"https:\\\/\\\/reinvent.pt\\\/en\\\/privacy-policy\\\/#breadcrumb\",\"itemListElement\":[{\"@type\":\"ListItem\",\"position\":1,\"name\":\"In\u00edcio\",\"item\":\"https:\\\/\\\/reinvent.pt\\\/en\\\/reinvent-the-event-2026-homepage\\\/\"},{\"@type\":\"ListItem\",\"position\":2,\"name\":\"Privacy policy\"}]},{\"@type\":\"WebSite\",\"@id\":\"https:\\\/\\\/reinvent.pt\\\/en\\\/#website\",\"url\":\"https:\\\/\\\/reinvent.pt\\\/en\\\/\",\"name\":\"REINVENT the event\",\"description\":\"O Reinvent the event ir\u00e1 realizar-se no dia 27 de outubro de 2025 no Centro de Congressos do Estoril\",\"publisher\":{\"@id\":\"https:\\\/\\\/reinvent.pt\\\/en\\\/#organization\"},\"alternateName\":\"REINVENT\",\"potentialAction\":[{\"@type\":\"SearchAction\",\"target\":{\"@type\":\"EntryPoint\",\"urlTemplate\":\"https:\\\/\\\/reinvent.pt\\\/en\\\/?s={search_term_string}\"},\"query-input\":{\"@type\":\"PropertyValueSpecification\",\"valueRequired\":true,\"valueName\":\"search_term_string\"}}],\"inLanguage\":\"en-US\"},{\"@type\":\"Organization\",\"@id\":\"https:\\\/\\\/reinvent.pt\\\/en\\\/#organization\",\"name\":\"Esta\u00e7\u00e3o Livre\",\"url\":\"https:\\\/\\\/reinvent.pt\\\/en\\\/\",\"logo\":{\"@type\":\"ImageObject\",\"inLanguage\":\"en-US\",\"@id\":\"https:\\\/\\\/reinvent.pt\\\/en\\\/#\\\/schema\\\/logo\\\/image\\\/\",\"url\":\"https:\\\/\\\/reinvent.pt\\\/wp-content\\\/uploads\\\/2025\\\/02\\\/horizontal-RGB.png\",\"contentUrl\":\"https:\\\/\\\/reinvent.pt\\\/wp-content\\\/uploads\\\/2025\\\/02\\\/horizontal-RGB.png\",\"width\":1015,\"height\":292,\"caption\":\"Esta\u00e7\u00e3o Livre\"},\"image\":{\"@id\":\"https:\\\/\\\/reinvent.pt\\\/en\\\/#\\\/schema\\\/logo\\\/image\\\/\"},\"sameAs\":[\"https:\\\/\\\/www.facebook.com\\\/ReinventTheEventEventPoint\",\"https:\\\/\\\/www.instagram.com\\\/reinvent_the_event\\\/\"]}]}<\/script>\n<!-- \/ Yoast SEO plugin. -->","yoast_head_json":{"title":"Privacy policy - REINVENT","robots":{"index":"index","follow":"follow","max-snippet":"max-snippet:-1","max-image-preview":"max-image-preview:large","max-video-preview":"max-video-preview:-1"},"canonical":"https:\/\/reinvent.pt\/en\/privacy-policy\/","og_locale":"en_US","og_type":"article","og_title":"Privacy policy - REINVENT","og_url":"https:\/\/reinvent.pt\/en\/privacy-policy\/","og_site_name":"REINVENT","article_publisher":"https:\/\/www.facebook.com\/ReinventTheEventEventPoint","article_modified_time":"2026-04-21T08:36:22+00:00","og_image":[{"width":1200,"height":675,"url":"https:\/\/i0.wp.com\/reinvent.pt\/wp-content\/uploads\/2025\/02\/ogmetaimg.png?fit=1200%2C675&ssl=1","type":"image\/png"}],"twitter_card":"summary_large_image","twitter_misc":{"Est. reading time":"2 minutes"},"schema":{"@context":"https:\/\/schema.org","@graph":[{"@type":"WebPage","@id":"https:\/\/reinvent.pt\/en\/privacy-policy\/","url":"https:\/\/reinvent.pt\/en\/privacy-policy\/","name":"Privacy policy - REINVENT","isPartOf":{"@id":"https:\/\/reinvent.pt\/en\/#website"},"datePublished":"2025-01-10T12:11:31+00:00","dateModified":"2026-04-21T08:36:22+00:00","breadcrumb":{"@id":"https:\/\/reinvent.pt\/en\/privacy-policy\/#breadcrumb"},"inLanguage":"en-US","potentialAction":[{"@type":"ReadAction","target":["https:\/\/reinvent.pt\/en\/privacy-policy\/"]}]},{"@type":"BreadcrumbList","@id":"https:\/\/reinvent.pt\/en\/privacy-policy\/#breadcrumb","itemListElement":[{"@type":"ListItem","position":1,"name":"In\u00edcio","item":"https:\/\/reinvent.pt\/en\/reinvent-the-event-2026-homepage\/"},{"@type":"ListItem","position":2,"name":"Privacy policy"}]},{"@type":"WebSite","@id":"https:\/\/reinvent.pt\/en\/#website","url":"https:\/\/reinvent.pt\/en\/","name":"REINVENT the event","description":"O Reinvent the event ir\u00e1 realizar-se no dia 27 de outubro de 2025 no Centro de Congressos do Estoril","publisher":{"@id":"https:\/\/reinvent.pt\/en\/#organization"},"alternateName":"REINVENT","potentialAction":[{"@type":"SearchAction","target":{"@type":"EntryPoint","urlTemplate":"https:\/\/reinvent.pt\/en\/?s={search_term_string}"},"query-input":{"@type":"PropertyValueSpecification","valueRequired":true,"valueName":"search_term_string"}}],"inLanguage":"en-US"},{"@type":"Organization","@id":"https:\/\/reinvent.pt\/en\/#organization","name":"Esta\u00e7\u00e3o Livre","url":"https:\/\/reinvent.pt\/en\/","logo":{"@type":"ImageObject","inLanguage":"en-US","@id":"https:\/\/reinvent.pt\/en\/#\/schema\/logo\/image\/","url":"https:\/\/reinvent.pt\/wp-content\/uploads\/2025\/02\/horizontal-RGB.png","contentUrl":"https:\/\/reinvent.pt\/wp-content\/uploads\/2025\/02\/horizontal-RGB.png","width":1015,"height":292,"caption":"Esta\u00e7\u00e3o Livre"},"image":{"@id":"https:\/\/reinvent.pt\/en\/#\/schema\/logo\/image\/"},"sameAs":["https:\/\/www.facebook.com\/ReinventTheEventEventPoint","https:\/\/www.instagram.com\/reinvent_the_event\/"]}]}},"_links":{"self":[{"href":"https:\/\/reinvent.pt\/en\/wp-json\/wp\/v2\/pages\/3440","targetHints":{"allow":["GET"]}}],"collection":[{"href":"https:\/\/reinvent.pt\/en\/wp-json\/wp\/v2\/pages"}],"about":[{"href":"https:\/\/reinvent.pt\/en\/wp-json\/wp\/v2\/types\/page"}],"author":[{"embeddable":true,"href":"https:\/\/reinvent.pt\/en\/wp-json\/wp\/v2\/users\/1"}],"replies":[{"embeddable":true,"href":"https:\/\/reinvent.pt\/en\/wp-json\/wp\/v2\/comments?post=3440"}],"version-history":[{"count":2,"href":"https:\/\/reinvent.pt\/en\/wp-json\/wp\/v2\/pages\/3440\/revisions"}],"predecessor-version":[{"id":3555,"href":"https:\/\/reinvent.pt\/en\/wp-json\/wp\/v2\/pages\/3440\/revisions\/3555"}],"wp:attachment":[{"href":"https:\/\/reinvent.pt\/en\/wp-json\/wp\/v2\/media?parent=3440"}],"curies":[{"name":"wp","href":"https:\/\/api.w.org\/{rel}","templated":true}]}}