{"id":3485,"date":"2025-02-12T15:44:08","date_gmt":"2025-02-12T15:44:08","guid":{"rendered":"https:\/\/reinvent.pt\/?page_id=3485"},"modified":"2026-04-21T08:40:11","modified_gmt":"2026-04-21T08:40:11","slug":"regulamento-premios-the-eventeers","status":"publish","type":"page","link":"https:\/\/reinvent.pt\/en\/regulamento-premios-the-eventeers\/","title":{"rendered":"Regulamento Pr\u00e9mios The Eventeers"},"content":{"rendered":"<section  class='av_textblock_section av-m6s3t3fu-a0091659d4b62c3533382d08e9776227 '   itemscope=\"itemscope\" itemtype=\"https:\/\/schema.org\/CreativeWork\" ><div class='avia_textblock'  itemprop=\"text\" ><div class=\"container\">\n<h4><span class=\"s3\"><strong>Os Pr\u00e9mios THE EVENTEERS, promovidos pela Event Point, est\u00e3o enquadrados no Evento REINVENT THE EVENT e pretendem distinguir pessoas cujo trabalho e desempenho contribuem para a qualidade e a valoriza\u00e7\u00e3o da ind\u00fastria de eventos nacional.<\/strong><br \/>\n<\/span><\/h4>\n<p><span class=\"s3\">Estes Pr\u00e9mios s\u00e3o dirigidos a pessoas que tenham desenvolvido o seu trabalho em Portugal, apesar de poderem estar enquadradas em empresas multinacionais.<br \/>\n<\/span><\/p>\n<p><span class=\"s3\">Ir\u00e1 ser atribu\u00eddo 1 Pr\u00e9mio por categoria no total de 5 categorias. Haver\u00e1 ainda a a<\/span><span class=\"s3\">tribui\u00e7\u00e3o de um Pr\u00e9mio pela Reda\u00e7\u00e3o da Event Point.<br \/>\n<\/span><\/p>\n<h5><strong><span class=\"s3\">As categorias a premiar s\u00e3o:<\/span><\/strong><\/h5>\n<p><strong><span class=\"s2\">Tecnologia<\/span><\/strong><span class=\"s3\"> &#8211; Aquela PESSOA que ama tudo o que \u00e9 tecnologia e \u00e9 capaz de encontrar as melhores solu\u00e7\u00f5es t\u00e9cnicas para cada caso.<\/span><\/p>\n<p><strong><span class=\"s2\">Inspira\u00e7\u00e3o<\/span><\/strong><span class=\"s3\"> &#8211; Aquela PESSOA que, independentemente da posi\u00e7\u00e3o que ocupa, nos inspira, faz sobressair o que de melhor h\u00e1 nos outros ou que est\u00e1 sempre disposta a ajudar, seja outras pessoas, causas ou desafios do setor.<\/span><\/p>\n<p><strong><span class=\"s4\">Arte<\/span><\/strong><span class=\"s3\"> &#8211; Aquela PESSOA que, sendo gestora de eventos ou trabalhando em \u00e1reas t\u00e9cnicas\/<\/span><span class=\"s3\">art\u00edsticas, espalha beleza \u00e0 sua volta, ou sabe como ningu\u00e9m usar o design, a imagem, a est\u00e9tica, para criar eventos, ou servi\u00e7os, de espantar.<\/span><\/p>\n<p><strong><span class=\"s2\">Engenho<\/span><\/strong><span class=\"s3\"> &#8211; Aquela PESSOA para a qual n\u00e3o h\u00e1 imposs\u00edveis. Pelo contr\u00e1rio, h\u00e1 sempre uma solu\u00e7\u00e3o para todos os problemas, mesmo que no limite seja preciso improvisar ou levar os outros a acreditar no aparente imposs\u00edvel.<\/span><\/p>\n<p><strong><span class=\"s2\">Novo Talento<\/span><\/strong><span class=\"s3\"> &#8211; Os JOVENS at\u00e9 aos 30 anos que prometem dar cartas na ind\u00fastria dos eventos, seja em que \u00e1rea for, com novas ideias, criatividade e enge<\/span><span class=\"s3\">nho.<\/span><\/p>\n<\/div>\n<p><br class=\"avia-permanent-lb\" \/><br class=\"avia-permanent-lb\" \/><\/p>\n<div class=\"container\">\n<h5><strong><span class=\"s3\">Fase 1: <\/span><\/strong><\/h5>\n<p><span class=\"s3\">Os nomeados ser\u00e3o selecionados a partir de uma lista de nomes sugeridos pelos leitores da Event Point atrav\u00e9s de um formul\u00e1rio publicado nas plataformas do REINVENT e da Event Point, at\u00e9 <\/span><span class=\"s3\">5<\/span><span class=\"s3\">de junho. Ap\u00f3s recebidas as nomea\u00e7\u00f5es, a reda\u00e7\u00e3o da Event Point re\u00fane os nomes mais vezes nomeados. <\/span><\/p>\n<h5><strong><span class=\"s3\">Fase 2:<\/span><\/strong><\/h5>\n<p><span class=\"s3\">Esta lista de nomeados ser\u00e1 apresentada ao J\u00fari, que avaliar\u00e1 todas as propostas e votar\u00e1 5 nomes em cada categoria. Os nomes mais votados ser\u00e3o os finalistas em cada categoria.<br \/>\nUm nomeado n\u00e3o pode estar como finalista em mais do que uma categoria, sendo escolhida aquela em que obteve o maior n\u00famero de <\/span><span class=\"s5\">indica\u00e7\u00f5es por parte do J\u00fari<\/span><span class=\"s3\">.<br \/>\n<\/span><\/p>\n<h5><strong><span class=\"s5\">Fase 3:<\/span><\/strong><\/h5>\n<p><span class=\"s5\">Nesta fase, a Event Point apresenta uma lista dos finalista<\/span><span class=\"s5\">s em cada categoria, com uma curta biografia de cada um deles. O p\u00fablico escolhe, atrav\u00e9s de formul\u00e1rio nas plataformas do REINVENT e da Event Point, o vencedor em cada categoria. As vota\u00e7\u00f5es estar\u00e3o abertas de <\/span><span class=\"s5\">6<\/span><span class=\"s5\"> de julho a <\/span><span class=\"s5\">2<\/span><span class=\"s5\"> de outubro. <\/span><\/p>\n<p><span class=\"s5\">O J\u00fari torna a votar, desta vez a lista de finalistas em cada categoria.<\/span><\/p>\n<p><span class=\"s3\">Da pondera\u00e7\u00e3o global das vota\u00e7\u00f5es de p\u00fablico (<\/span><span class=\"s3\">6<\/span><span class=\"s3\">0%) e J\u00fari (<\/span><span class=\"s3\">4<\/span><span class=\"s3\">0%) sair\u00e1 o vencedor de cada categoria que ser\u00e1 depois apresentado no evento REINVENT THE EVENT, a <\/span><span class=\"s3\">19<\/span><span class=\"s3\"> de outubro de 202<\/span><span class=\"s3\">6<\/span><span class=\"s3\">, no Centro de Congressos do Estoril. Em caso de empate, o voto do J\u00fari prevalece ou, se ainda assim for necess\u00e1rio, ser\u00e1 o presidente do J\u00fari a desempatar.<\/span><\/p>\n<p><span class=\"s3\">O J\u00fari, sempre em articula\u00e7\u00e3o com a Event Point, na sequ\u00eancia do decorrer do processo de nomea\u00e7\u00e3o e vota\u00e7\u00e3o, pode entender atribuir um Pr\u00e9mio Especial extra nas categorias apresentadas, a uma pessoa ou institui\u00e7\u00e3o que se tenha destacado de forma marcante no setor.<\/span><\/p>\n<p><span class=\"s3\">Todo o processo de vota\u00e7\u00e3o termina a <\/span><span class=\"s3\">9<\/span><span class=\"s3\"> de outubro e o mesmo \u00e9 permanentemente acompanhado pela reda\u00e7\u00e3o da Event Point em conjunto com o J\u00fari dos Pr\u00e9mios THE EVENTEERS.<\/span><\/p>\n<p><span class=\"s3\">Caso a pessoa premiada n\u00e3o esteja presente no evento ou na Cerim\u00f3nia de entrega de Pr\u00e9mios, este ser\u00e1 entregue \u00e0 posteriori.<\/span><\/p>\n<p><span class=\"s3\">Os resultados ser\u00e3o divulgados APENAS durante a Cerim\u00f3nia de entrega de Pr\u00e9mios.<\/span><\/p>\n<p><span class=\"s3\">Os Pr\u00e9mios THE EVENTEERS s\u00f3 podem ser ganhos uma vez pela mesma pessoa, em cada categoria (nos anos a seguir podem ganhar noutras categorias, mas nunca na mesma). Em 2023 os v<\/span><span class=\"s3\">encedores foram: Pedro Magalh\u00e3es (Tecnologia), Pedro Rodrigues (Inspira\u00e7\u00e3o), Joana Vasconcelos (Arte), Ana Ludovina (Engenho)<\/span><span class=\"s5\"> e David Alface (Novo Talento)<\/span><span class=\"s3\">. O Pr\u00e9mio da Reda\u00e7\u00e3o foi atribu\u00eddo a Manuel Vaz. Em 2024, os vencedores foram: Lu\u00eds Bombico (Tecnologia), C\u00e9lia Caeiro (Inspira\u00e7\u00e3o), Paulo Magalh\u00e3es (Arte), Filipe Trindade (Inspira\u00e7\u00e3o) e B\u00e1rbara Barbosa (Novo Talento). O Pr\u00e9mio da Reda\u00e7\u00e3o foi atribu\u00eddo a Gon\u00e7alo Castel-Branco.<\/span> <span class=\"s3\">Em 202<\/span><span class=\"s3\">6, Jo<\/span><span class=\"s3\">\u00e3o Cardos<\/span><span class=\"s3\">o (<\/span><span class=\"s3\">Tecnologia)<\/span><span class=\"s3\">, Gon\u00e7alo Oliveira (<\/span><span class=\"s3\">Inspira\u00e7\u00e3o<\/span><span class=\"s3\">), Maria Tiago<\/span><span class=\"s3\"> (<\/span><span class=\"s3\">Arte), Pedro Magal<\/span><span class=\"s3\">h<\/span><span class=\"s3\">\u00e3es<\/span><span class=\"s3\">(Engenho)<\/span><span class=\"s3\"> e Madalena Rodrigues<\/span> <span class=\"s5\">(Novo Talento)<\/span><span class=\"s3\">. O Pr\u00e9mio da Reda\u00e7\u00e3o foi atribu\u00eddo a<\/span><span class=\"s3\"> S<\/span><span class=\"s3\">\u00f3<\/span><span class=\"s3\">nia <\/span><span class=\"s3\">Brochado.<\/span><\/p>\n<p><span class=\"s3\">A Event Point reserva-se o direito de, em pr\u00f3ximas edi\u00e7\u00f5es do Pr\u00e9mio, alterar as categorias e\/ou o formato de vota\u00e7\u00e3o. <\/span><\/p>\n<h5><strong><span class=\"s2\">O J\u00daRI<\/span><\/strong><\/h5>\n<p><span class=\"s3\">O J\u00fari da edi\u00e7\u00e3o de 202<\/span><span class=\"s3\">6<\/span><span class=\"s3\"> ser\u00e1 composto por 11 profissionais com um percurso reconhecido na \u00e1rea dos eventos (ag\u00eancias, fornecedores de servi\u00e7os, associa\u00e7\u00f5es e imprensa).<br \/>\n<\/span><\/p>\n<p><span class=\"s3\">Os elementos do J\u00fari n\u00e3o s\u00e3o eleg\u00edveis para <\/span><span class=\"s5\">a<\/span><span class=\"s3\"> edi\u00e7\u00e3o dos Pr\u00e9mios que avaliam, e por isso n\u00e3o podem ganhar em nenhuma das categorias.<\/span><\/p>\n<p>Qualquer quest\u00e3o que n\u00e3o esteja contemplada neste regulamento deve ser decidida pelo Presidente do J\u00fari, n\u00e3o havendo recurso para essas decis\u00f5es.<\/p>\n<h5><strong><span class=\"s2\">VENCEDORES<\/span><\/strong><\/h5>\n<p><span class=\"s3\">Divulga\u00e7\u00e3o dos vencedores: Os vencedores ser\u00e3o divulgados numa Cerim\u00f3nia<\/span><span class=\"s3\"> a realizar no evento REINVENT THE EVENT, no dia <\/span><span class=\"s3\">19<\/span><span class=\"s3\"> de outubro de 202<\/span><span class=\"s3\">6<\/span><span class=\"s3\">, no Centro de Congressos do Estoril pelas 18h25m ou de acordo com os hor\u00e1rios apresentados em programa.<\/span><\/p>\n<h5><strong><span class=\"s6\">Q&amp;A<\/span><\/strong><\/h5>\n<p><strong><span class=\"s2\">A quem se destinam os Pr\u00e9mios THE EVENTEERS?<\/span><\/strong><\/p>\n<p><span class=\"s3\">A pessoas que trabalham na ind\u00fastria dos eventos e se destacaram nas categorias apresentadas, por alguma raz\u00e3o, e que por isso devem ser reconhecidas pelo trabalho que desenvolvem e pela mais-valia que s\u00e3o na ind\u00fastria dos eventos.<\/span><\/p>\n<p><strong><span class=\"s2\">Poder\u00e3o existir dois ou mais vencedores numa s\u00f3 categoria?<\/span><\/strong><\/p>\n<p><span class=\"s3\">Sim. Excecionalmente o J\u00fari pode atribuir mais do que um Pr\u00e9mio <\/span><span class=\"s3\">por categoria.<\/span><\/p>\n<p><strong><span class=\"s2\">Quando \u00e9 que os vencedores ser\u00e3o conhecidos?<\/span><\/strong><\/p>\n<p><span class=\"s3\">Ser\u00e3o conhecidos na Cerim\u00f3nia de atribui\u00e7\u00e3o dos pr\u00e9mios, durante o REINVENT THE EVENT.<\/span><\/p>\n<p><strong><span class=\"s2\">\u00c9 poss\u00edvel inscrever ou acrescentar pessoas aos j\u00e1 nomeados para a shortlist?<\/span><\/strong><\/p>\n<p><span class=\"s3\">N\u00e3o. Os nomeados foram escolhidos pelo J\u00fari, depois de uma listagem realizada com as sugest\u00f5es do p\u00fablico.<\/span><\/p>\n<p><strong><span class=\"s2\">Poder\u00e3o existir categorias sem vencedor?<\/span><\/strong><\/p>\n<p><span class=\"s3\">N\u00e3o. Cada categoria ter\u00e1, no m\u00ednimo, 1 vencedor.<\/span><\/p>\n<p><strong><span class=\"s2\">Qual o pr\u00e9mio para os vencedores?<\/span><\/strong><\/p>\n<p><span class=\"s3\">O pr\u00e9mio f\u00edsico \u00e9 um trof\u00e9u. O trof\u00e9u ser\u00e1 entregue <\/span><span class=\"s3\">numa Cerim\u00f3nia a decorrer no dia <\/span><span class=\"s3\">19<\/span><span class=\"s3\"> de outubro de 202<\/span><span class=\"s3\">6<\/span><span class=\"s3\">, no Centro de Congressos do Estoril, enquadrada no evento REINVENT THE EVENT.<\/span><\/p>\n<p><span class=\"s3\">Os vencedores das diversas categorias ser\u00e3o divulgados na edi\u00e7\u00e3o da Event Point e no site.<\/span><\/p>\n<\/div>\n<\/div><\/section>\n","protected":false},"excerpt":{"rendered":"","protected":false},"author":1,"featured_media":0,"parent":0,"menu_order":0,"comment_status":"closed","ping_status":"open","template":"","meta":{"footnotes":""},"class_list":["post-3485","page","type-page","status-publish","hentry"],"yoast_head":"<!-- This site is optimized with the Yoast SEO plugin v27.4 - https:\/\/yoast.com\/product\/yoast-seo-wordpress\/ -->\n<title>Regulamento Pr\u00e9mios The Eventeers - REINVENT<\/title>\n<meta name=\"robots\" content=\"index, follow, max-snippet:-1, max-image-preview:large, max-video-preview:-1\" \/>\n<link rel=\"canonical\" href=\"https:\/\/reinvent.pt\/en\/regulamento-premios-the-eventeers\/\" \/>\n<meta property=\"og:locale\" content=\"en_US\" \/>\n<meta property=\"og:type\" content=\"article\" \/>\n<meta property=\"og:title\" content=\"Regulamento Pr\u00e9mios The Eventeers - REINVENT\" \/>\n<meta property=\"og:url\" content=\"https:\/\/reinvent.pt\/en\/regulamento-premios-the-eventeers\/\" \/>\n<meta property=\"og:site_name\" content=\"REINVENT\" \/>\n<meta property=\"article:publisher\" content=\"https:\/\/www.facebook.com\/ReinventTheEventEventPoint\" \/>\n<meta property=\"article:modified_time\" content=\"2026-04-21T08:40:11+00:00\" \/>\n<meta property=\"og:image\" content=\"https:\/\/i0.wp.com\/reinvent.pt\/wp-content\/uploads\/2025\/02\/ogmetaimg.png?fit=1200%2C675&ssl=1\" \/>\n\t<meta property=\"og:image:width\" content=\"1200\" \/>\n\t<meta property=\"og:image:height\" content=\"675\" \/>\n\t<meta property=\"og:image:type\" content=\"image\/png\" \/>\n<meta name=\"twitter:card\" content=\"summary_large_image\" \/>\n<script type=\"application\/ld+json\" class=\"yoast-schema-graph\">{\"@context\":\"https:\\\/\\\/schema.org\",\"@graph\":[{\"@type\":\"WebPage\",\"@id\":\"https:\\\/\\\/reinvent.pt\\\/en\\\/regulamento-premios-the-eventeers\\\/\",\"url\":\"https:\\\/\\\/reinvent.pt\\\/en\\\/regulamento-premios-the-eventeers\\\/\",\"name\":\"Regulamento Pr\u00e9mios The Eventeers - REINVENT\",\"isPartOf\":{\"@id\":\"https:\\\/\\\/reinvent.pt\\\/en\\\/#website\"},\"datePublished\":\"2025-02-12T15:44:08+00:00\",\"dateModified\":\"2026-04-21T08:40:11+00:00\",\"breadcrumb\":{\"@id\":\"https:\\\/\\\/reinvent.pt\\\/en\\\/regulamento-premios-the-eventeers\\\/#breadcrumb\"},\"inLanguage\":\"en-US\",\"potentialAction\":[{\"@type\":\"ReadAction\",\"target\":[\"https:\\\/\\\/reinvent.pt\\\/en\\\/regulamento-premios-the-eventeers\\\/\"]}]},{\"@type\":\"BreadcrumbList\",\"@id\":\"https:\\\/\\\/reinvent.pt\\\/en\\\/regulamento-premios-the-eventeers\\\/#breadcrumb\",\"itemListElement\":[{\"@type\":\"ListItem\",\"position\":1,\"name\":\"In\u00edcio\",\"item\":\"https:\\\/\\\/reinvent.pt\\\/en\\\/reinvent-the-event-2026-homepage\\\/\"},{\"@type\":\"ListItem\",\"position\":2,\"name\":\"Regulamento Pr\u00e9mios The Eventeers\"}]},{\"@type\":\"WebSite\",\"@id\":\"https:\\\/\\\/reinvent.pt\\\/en\\\/#website\",\"url\":\"https:\\\/\\\/reinvent.pt\\\/en\\\/\",\"name\":\"REINVENT the event\",\"description\":\"O Reinvent the event ir\u00e1 realizar-se no dia 27 de outubro de 2025 no Centro de Congressos do Estoril\",\"publisher\":{\"@id\":\"https:\\\/\\\/reinvent.pt\\\/en\\\/#organization\"},\"alternateName\":\"REINVENT\",\"potentialAction\":[{\"@type\":\"SearchAction\",\"target\":{\"@type\":\"EntryPoint\",\"urlTemplate\":\"https:\\\/\\\/reinvent.pt\\\/en\\\/?s={search_term_string}\"},\"query-input\":{\"@type\":\"PropertyValueSpecification\",\"valueRequired\":true,\"valueName\":\"search_term_string\"}}],\"inLanguage\":\"en-US\"},{\"@type\":\"Organization\",\"@id\":\"https:\\\/\\\/reinvent.pt\\\/en\\\/#organization\",\"name\":\"Esta\u00e7\u00e3o Livre\",\"url\":\"https:\\\/\\\/reinvent.pt\\\/en\\\/\",\"logo\":{\"@type\":\"ImageObject\",\"inLanguage\":\"en-US\",\"@id\":\"https:\\\/\\\/reinvent.pt\\\/en\\\/#\\\/schema\\\/logo\\\/image\\\/\",\"url\":\"https:\\\/\\\/reinvent.pt\\\/wp-content\\\/uploads\\\/2025\\\/02\\\/horizontal-RGB.png\",\"contentUrl\":\"https:\\\/\\\/reinvent.pt\\\/wp-content\\\/uploads\\\/2025\\\/02\\\/horizontal-RGB.png\",\"width\":1015,\"height\":292,\"caption\":\"Esta\u00e7\u00e3o Livre\"},\"image\":{\"@id\":\"https:\\\/\\\/reinvent.pt\\\/en\\\/#\\\/schema\\\/logo\\\/image\\\/\"},\"sameAs\":[\"https:\\\/\\\/www.facebook.com\\\/ReinventTheEventEventPoint\",\"https:\\\/\\\/www.instagram.com\\\/reinvent_the_event\\\/\"]}]}<\/script>\n<!-- \/ Yoast SEO plugin. -->","yoast_head_json":{"title":"Regulamento Pr\u00e9mios The Eventeers - REINVENT","robots":{"index":"index","follow":"follow","max-snippet":"max-snippet:-1","max-image-preview":"max-image-preview:large","max-video-preview":"max-video-preview:-1"},"canonical":"https:\/\/reinvent.pt\/en\/regulamento-premios-the-eventeers\/","og_locale":"en_US","og_type":"article","og_title":"Regulamento Pr\u00e9mios The Eventeers - REINVENT","og_url":"https:\/\/reinvent.pt\/en\/regulamento-premios-the-eventeers\/","og_site_name":"REINVENT","article_publisher":"https:\/\/www.facebook.com\/ReinventTheEventEventPoint","article_modified_time":"2026-04-21T08:40:11+00:00","og_image":[{"width":1200,"height":675,"url":"https:\/\/i0.wp.com\/reinvent.pt\/wp-content\/uploads\/2025\/02\/ogmetaimg.png?fit=1200%2C675&ssl=1","type":"image\/png"}],"twitter_card":"summary_large_image","schema":{"@context":"https:\/\/schema.org","@graph":[{"@type":"WebPage","@id":"https:\/\/reinvent.pt\/en\/regulamento-premios-the-eventeers\/","url":"https:\/\/reinvent.pt\/en\/regulamento-premios-the-eventeers\/","name":"Regulamento Pr\u00e9mios The Eventeers - REINVENT","isPartOf":{"@id":"https:\/\/reinvent.pt\/en\/#website"},"datePublished":"2025-02-12T15:44:08+00:00","dateModified":"2026-04-21T08:40:11+00:00","breadcrumb":{"@id":"https:\/\/reinvent.pt\/en\/regulamento-premios-the-eventeers\/#breadcrumb"},"inLanguage":"en-US","potentialAction":[{"@type":"ReadAction","target":["https:\/\/reinvent.pt\/en\/regulamento-premios-the-eventeers\/"]}]},{"@type":"BreadcrumbList","@id":"https:\/\/reinvent.pt\/en\/regulamento-premios-the-eventeers\/#breadcrumb","itemListElement":[{"@type":"ListItem","position":1,"name":"In\u00edcio","item":"https:\/\/reinvent.pt\/en\/reinvent-the-event-2026-homepage\/"},{"@type":"ListItem","position":2,"name":"Regulamento Pr\u00e9mios The Eventeers"}]},{"@type":"WebSite","@id":"https:\/\/reinvent.pt\/en\/#website","url":"https:\/\/reinvent.pt\/en\/","name":"REINVENT the event","description":"O Reinvent the event ir\u00e1 realizar-se no dia 27 de outubro de 2025 no Centro de Congressos do Estoril","publisher":{"@id":"https:\/\/reinvent.pt\/en\/#organization"},"alternateName":"REINVENT","potentialAction":[{"@type":"SearchAction","target":{"@type":"EntryPoint","urlTemplate":"https:\/\/reinvent.pt\/en\/?s={search_term_string}"},"query-input":{"@type":"PropertyValueSpecification","valueRequired":true,"valueName":"search_term_string"}}],"inLanguage":"en-US"},{"@type":"Organization","@id":"https:\/\/reinvent.pt\/en\/#organization","name":"Esta\u00e7\u00e3o Livre","url":"https:\/\/reinvent.pt\/en\/","logo":{"@type":"ImageObject","inLanguage":"en-US","@id":"https:\/\/reinvent.pt\/en\/#\/schema\/logo\/image\/","url":"https:\/\/reinvent.pt\/wp-content\/uploads\/2025\/02\/horizontal-RGB.png","contentUrl":"https:\/\/reinvent.pt\/wp-content\/uploads\/2025\/02\/horizontal-RGB.png","width":1015,"height":292,"caption":"Esta\u00e7\u00e3o Livre"},"image":{"@id":"https:\/\/reinvent.pt\/en\/#\/schema\/logo\/image\/"},"sameAs":["https:\/\/www.facebook.com\/ReinventTheEventEventPoint","https:\/\/www.instagram.com\/reinvent_the_event\/"]}]}},"_links":{"self":[{"href":"https:\/\/reinvent.pt\/en\/wp-json\/wp\/v2\/pages\/3485","targetHints":{"allow":["GET"]}}],"collection":[{"href":"https:\/\/reinvent.pt\/en\/wp-json\/wp\/v2\/pages"}],"about":[{"href":"https:\/\/reinvent.pt\/en\/wp-json\/wp\/v2\/types\/page"}],"author":[{"embeddable":true,"href":"https:\/\/reinvent.pt\/en\/wp-json\/wp\/v2\/users\/1"}],"replies":[{"embeddable":true,"href":"https:\/\/reinvent.pt\/en\/wp-json\/wp\/v2\/comments?post=3485"}],"version-history":[{"count":2,"href":"https:\/\/reinvent.pt\/en\/wp-json\/wp\/v2\/pages\/3485\/revisions"}],"predecessor-version":[{"id":3487,"href":"https:\/\/reinvent.pt\/en\/wp-json\/wp\/v2\/pages\/3485\/revisions\/3487"}],"wp:attachment":[{"href":"https:\/\/reinvent.pt\/en\/wp-json\/wp\/v2\/media?parent=3485"}],"curies":[{"name":"wp","href":"https:\/\/api.w.org\/{rel}","templated":true}]}}