{"id":3543,"date":"2025-07-01T09:37:51","date_gmt":"2025-07-01T09:37:51","guid":{"rendered":"https:\/\/reinvent.pt\/?page_id=3543"},"modified":"2026-04-21T08:49:19","modified_gmt":"2026-04-21T08:49:19","slug":"votar-nos-the-eventeers","status":"publish","type":"page","link":"https:\/\/reinvent.pt\/en\/votar-nos-the-eventeers\/","title":{"rendered":"Votar nos the Eventeers"},"content":{"rendered":"\n<style type=\"text\/css\" data-created_by=\"avia_inline_auto\" id=\"style-css-av-40put6-1da29ff27a6b59f508cde6f80a352db6\">\n.avia-section.av-40put6-1da29ff27a6b59f508cde6f80a352db6{\nbackground-color:#ffffff;\nbackground-image:unset;\n}\n<\/style>\n<div id='av_section_1'  class='avia-section av-40put6-1da29ff27a6b59f508cde6f80a352db6 main_color avia-section-large avia-no-border-styling  avia-builder-el-0  avia-builder-el-no-sibling  avia-bg-style-scroll container_wrap fullsize'  ><div class='container av-section-cont-open' ><main  role=\"main\" itemprop=\"mainContentOfPage\"  class='template-page content  av-content-full alpha units'><div class='post-entry post-entry-type-page post-entry-3543'><div class='entry-content-wrapper clearfix'>\n<div class='flex_column_table av-fxztei-a6de2bbe0a06490d70384a66789f0b12 sc-av_one_full av-equal-height-column-flextable'>\n<style type=\"text\/css\" data-created_by=\"avia_inline_auto\" id=\"style-css-av-fxztei-a6de2bbe0a06490d70384a66789f0b12\">\n.flex_column.av-fxztei-a6de2bbe0a06490d70384a66789f0b12{\nwidth:100%;\nmargin-left:0;\n}\n#top .flex_column_table.av-equal-height-column-flextable.av-fxztei-a6de2bbe0a06490d70384a66789f0b12 .av-flex-placeholder{\nwidth:0%;\n}\n<\/style>\n<div  class='flex_column av-fxztei-a6de2bbe0a06490d70384a66789f0b12 av_one_full  avia-builder-el-1  el_before_av_hr  avia-builder-el-first  first flex_column_table_cell av-equal-height-column av-align-middle  '     ><p>\n<style type=\"text\/css\" data-created_by=\"avia_inline_auto\" id=\"style-css-av-m6qdsy3i-a70686a02158674a00625d68cbecca91\">\n#top .av-special-heading.av-m6qdsy3i-a70686a02158674a00625d68cbecca91{\npadding-bottom:30px;\ncolor:#03273c;\n}\nbody .av-special-heading.av-m6qdsy3i-a70686a02158674a00625d68cbecca91 .av-special-heading-tag .heading-char{\nfont-size:25px;\n}\n.av-special-heading.av-m6qdsy3i-a70686a02158674a00625d68cbecca91 .special-heading-inner-border{\nborder-color:#03273c;\n}\n.av-special-heading.av-m6qdsy3i-a70686a02158674a00625d68cbecca91 .av-subheading{\nfont-size:16px;\ncolor:#ef39ff;\n}\n<\/style>\n<div  class='av-special-heading av-m6qdsy3i-a70686a02158674a00625d68cbecca91 av-special-heading-h2 custom-color-heading blockquote modern-quote modern-centered  avia-builder-el-2  el_before_av_textblock  avia-builder-el-first '><div class='av_custom_color av-subheading av-subheading_above'><p><strong>FORMUL\u00c1RIO DE VOTA\u00c7\u00c3O<\/strong><\/p>\n<\/div><h2 class='av-special-heading-tag '  itemprop=\"headline\"  >Pr\u00e9mios the Eventeers 2025 by Event Point<\/h2><div class=\"special-heading-border\"><div class=\"special-heading-inner-border\"><\/div><\/div><\/div><br \/>\n<section  class='av_textblock_section av-m71upzns-b9430a81172087dbacaed38850448836 '   itemscope=\"itemscope\" itemtype=\"https:\/\/schema.org\/CreativeWork\" ><div class='avia_textblock'  itemprop=\"text\" ><p style=\"text-align: center;\">Os Pr\u00e9mios THE EVENTEERS, promovidos pela Event Point, est\u00e3o enquadrados no Evento REINVENT the event, onde ser\u00e3o anunciados os vencedores, e pretendem distinguir pessoas da ind\u00fastria dos eventos. O voto do p\u00fablico vale 50% do resultado final das vota\u00e7\u00f5es.<\/p>\n<p style=\"text-align: center;\">S\u00f3 ser\u00e1 considerada uma vota\u00e7\u00e3o por email.<\/p>\n<\/div><\/section><\/p><\/div><\/div><!--close column table wrapper. Autoclose: 1 --><div  class='hr av-2jxset-4eadc1054e056cffea7ea50a6f5f6c23 hr-default  avia-builder-el-4  el_after_av_one_full  el_before_av_one_full '><span class='hr-inner '><span class=\"hr-inner-style\"><\/span><\/span><\/div>\n<div  class='flex_column av-2wdj8l-ca87e7ebad3f16d53d727a01e9a0dd02 av_one_full  avia-builder-el-5  el_after_av_hr  avia-builder-el-last  first flex_column_div  '     ><section  class='av_textblock_section av-m7vvqj0h-0af987c771fabb58a6fcad6b5164c65b '   itemscope=\"itemscope\" itemtype=\"https:\/\/schema.org\/CreativeWork\" ><div class='avia_textblock'  itemprop=\"text\" ><div id='ff_form_7' class='ff_form_not_render'>As vota\u00e7\u00f5es j\u00e1 se encontram encerradas.<\/div>\n<\/div><\/section><\/div>\n","protected":false},"excerpt":{"rendered":"","protected":false},"author":1,"featured_media":0,"parent":0,"menu_order":0,"comment_status":"closed","ping_status":"open","template":"","meta":{"footnotes":""},"class_list":["post-3543","page","type-page","status-publish","hentry"],"yoast_head":"<!-- This site is optimized with the Yoast SEO plugin v27.4 - https:\/\/yoast.com\/product\/yoast-seo-wordpress\/ -->\n<title>Votar nos the Eventeers - REINVENT<\/title>\n<meta name=\"robots\" content=\"index, follow, max-snippet:-1, max-image-preview:large, max-video-preview:-1\" \/>\n<link rel=\"canonical\" href=\"https:\/\/reinvent.pt\/en\/votar-nos-the-eventeers\/\" \/>\n<meta property=\"og:locale\" content=\"en_US\" \/>\n<meta property=\"og:type\" content=\"article\" \/>\n<meta property=\"og:title\" content=\"Votar nos the Eventeers - REINVENT\" \/>\n<meta property=\"og:url\" content=\"https:\/\/reinvent.pt\/en\/votar-nos-the-eventeers\/\" \/>\n<meta property=\"og:site_name\" content=\"REINVENT\" \/>\n<meta property=\"article:publisher\" content=\"https:\/\/www.facebook.com\/ReinventTheEventEventPoint\" \/>\n<meta property=\"article:modified_time\" content=\"2026-04-21T08:49:19+00:00\" \/>\n<meta property=\"og:image\" content=\"https:\/\/i0.wp.com\/reinvent.pt\/wp-content\/uploads\/2025\/02\/ogmetaimg.png?fit=1200%2C675&ssl=1\" \/>\n\t<meta property=\"og:image:width\" content=\"1200\" \/>\n\t<meta property=\"og:image:height\" content=\"675\" \/>\n\t<meta property=\"og:image:type\" content=\"image\/png\" \/>\n<meta name=\"twitter:card\" content=\"summary_large_image\" \/>\n<meta name=\"twitter:label1\" content=\"Est. reading time\" \/>\n\t<meta name=\"twitter:data1\" content=\"1 minute\" \/>\n<script type=\"application\/ld+json\" class=\"yoast-schema-graph\">{\"@context\":\"https:\\\/\\\/schema.org\",\"@graph\":[{\"@type\":\"WebPage\",\"@id\":\"https:\\\/\\\/reinvent.pt\\\/en\\\/votar-nos-the-eventeers\\\/\",\"url\":\"https:\\\/\\\/reinvent.pt\\\/en\\\/votar-nos-the-eventeers\\\/\",\"name\":\"Votar nos the Eventeers - REINVENT\",\"isPartOf\":{\"@id\":\"https:\\\/\\\/reinvent.pt\\\/en\\\/#website\"},\"datePublished\":\"2025-07-01T09:37:51+00:00\",\"dateModified\":\"2026-04-21T08:49:19+00:00\",\"breadcrumb\":{\"@id\":\"https:\\\/\\\/reinvent.pt\\\/en\\\/votar-nos-the-eventeers\\\/#breadcrumb\"},\"inLanguage\":\"en-US\",\"potentialAction\":[{\"@type\":\"ReadAction\",\"target\":[\"https:\\\/\\\/reinvent.pt\\\/en\\\/votar-nos-the-eventeers\\\/\"]}]},{\"@type\":\"BreadcrumbList\",\"@id\":\"https:\\\/\\\/reinvent.pt\\\/en\\\/votar-nos-the-eventeers\\\/#breadcrumb\",\"itemListElement\":[{\"@type\":\"ListItem\",\"position\":1,\"name\":\"In\u00edcio\",\"item\":\"https:\\\/\\\/reinvent.pt\\\/en\\\/reinvent-the-event-2026-homepage\\\/\"},{\"@type\":\"ListItem\",\"position\":2,\"name\":\"Votar nos the Eventeers\"}]},{\"@type\":\"WebSite\",\"@id\":\"https:\\\/\\\/reinvent.pt\\\/en\\\/#website\",\"url\":\"https:\\\/\\\/reinvent.pt\\\/en\\\/\",\"name\":\"REINVENT the event\",\"description\":\"O Reinvent the event ir\u00e1 realizar-se no dia 27 de outubro de 2025 no Centro de Congressos do Estoril\",\"publisher\":{\"@id\":\"https:\\\/\\\/reinvent.pt\\\/en\\\/#organization\"},\"alternateName\":\"REINVENT\",\"potentialAction\":[{\"@type\":\"SearchAction\",\"target\":{\"@type\":\"EntryPoint\",\"urlTemplate\":\"https:\\\/\\\/reinvent.pt\\\/en\\\/?s={search_term_string}\"},\"query-input\":{\"@type\":\"PropertyValueSpecification\",\"valueRequired\":true,\"valueName\":\"search_term_string\"}}],\"inLanguage\":\"en-US\"},{\"@type\":\"Organization\",\"@id\":\"https:\\\/\\\/reinvent.pt\\\/en\\\/#organization\",\"name\":\"Esta\u00e7\u00e3o Livre\",\"url\":\"https:\\\/\\\/reinvent.pt\\\/en\\\/\",\"logo\":{\"@type\":\"ImageObject\",\"inLanguage\":\"en-US\",\"@id\":\"https:\\\/\\\/reinvent.pt\\\/en\\\/#\\\/schema\\\/logo\\\/image\\\/\",\"url\":\"https:\\\/\\\/reinvent.pt\\\/wp-content\\\/uploads\\\/2025\\\/02\\\/horizontal-RGB.png\",\"contentUrl\":\"https:\\\/\\\/reinvent.pt\\\/wp-content\\\/uploads\\\/2025\\\/02\\\/horizontal-RGB.png\",\"width\":1015,\"height\":292,\"caption\":\"Esta\u00e7\u00e3o Livre\"},\"image\":{\"@id\":\"https:\\\/\\\/reinvent.pt\\\/en\\\/#\\\/schema\\\/logo\\\/image\\\/\"},\"sameAs\":[\"https:\\\/\\\/www.facebook.com\\\/ReinventTheEventEventPoint\",\"https:\\\/\\\/www.instagram.com\\\/reinvent_the_event\\\/\"]}]}<\/script>\n<!-- \/ Yoast SEO plugin. -->","yoast_head_json":{"title":"Votar nos the Eventeers - REINVENT","robots":{"index":"index","follow":"follow","max-snippet":"max-snippet:-1","max-image-preview":"max-image-preview:large","max-video-preview":"max-video-preview:-1"},"canonical":"https:\/\/reinvent.pt\/en\/votar-nos-the-eventeers\/","og_locale":"en_US","og_type":"article","og_title":"Votar nos the Eventeers - REINVENT","og_url":"https:\/\/reinvent.pt\/en\/votar-nos-the-eventeers\/","og_site_name":"REINVENT","article_publisher":"https:\/\/www.facebook.com\/ReinventTheEventEventPoint","article_modified_time":"2026-04-21T08:49:19+00:00","og_image":[{"width":1200,"height":675,"url":"https:\/\/i0.wp.com\/reinvent.pt\/wp-content\/uploads\/2025\/02\/ogmetaimg.png?fit=1200%2C675&ssl=1","type":"image\/png"}],"twitter_card":"summary_large_image","twitter_misc":{"Est. reading time":"1 minute"},"schema":{"@context":"https:\/\/schema.org","@graph":[{"@type":"WebPage","@id":"https:\/\/reinvent.pt\/en\/votar-nos-the-eventeers\/","url":"https:\/\/reinvent.pt\/en\/votar-nos-the-eventeers\/","name":"Votar nos the Eventeers - REINVENT","isPartOf":{"@id":"https:\/\/reinvent.pt\/en\/#website"},"datePublished":"2025-07-01T09:37:51+00:00","dateModified":"2026-04-21T08:49:19+00:00","breadcrumb":{"@id":"https:\/\/reinvent.pt\/en\/votar-nos-the-eventeers\/#breadcrumb"},"inLanguage":"en-US","potentialAction":[{"@type":"ReadAction","target":["https:\/\/reinvent.pt\/en\/votar-nos-the-eventeers\/"]}]},{"@type":"BreadcrumbList","@id":"https:\/\/reinvent.pt\/en\/votar-nos-the-eventeers\/#breadcrumb","itemListElement":[{"@type":"ListItem","position":1,"name":"In\u00edcio","item":"https:\/\/reinvent.pt\/en\/reinvent-the-event-2026-homepage\/"},{"@type":"ListItem","position":2,"name":"Votar nos the Eventeers"}]},{"@type":"WebSite","@id":"https:\/\/reinvent.pt\/en\/#website","url":"https:\/\/reinvent.pt\/en\/","name":"REINVENT the event","description":"O Reinvent the event ir\u00e1 realizar-se no dia 27 de outubro de 2025 no Centro de Congressos do Estoril","publisher":{"@id":"https:\/\/reinvent.pt\/en\/#organization"},"alternateName":"REINVENT","potentialAction":[{"@type":"SearchAction","target":{"@type":"EntryPoint","urlTemplate":"https:\/\/reinvent.pt\/en\/?s={search_term_string}"},"query-input":{"@type":"PropertyValueSpecification","valueRequired":true,"valueName":"search_term_string"}}],"inLanguage":"en-US"},{"@type":"Organization","@id":"https:\/\/reinvent.pt\/en\/#organization","name":"Esta\u00e7\u00e3o Livre","url":"https:\/\/reinvent.pt\/en\/","logo":{"@type":"ImageObject","inLanguage":"en-US","@id":"https:\/\/reinvent.pt\/en\/#\/schema\/logo\/image\/","url":"https:\/\/reinvent.pt\/wp-content\/uploads\/2025\/02\/horizontal-RGB.png","contentUrl":"https:\/\/reinvent.pt\/wp-content\/uploads\/2025\/02\/horizontal-RGB.png","width":1015,"height":292,"caption":"Esta\u00e7\u00e3o Livre"},"image":{"@id":"https:\/\/reinvent.pt\/en\/#\/schema\/logo\/image\/"},"sameAs":["https:\/\/www.facebook.com\/ReinventTheEventEventPoint","https:\/\/www.instagram.com\/reinvent_the_event\/"]}]}},"_links":{"self":[{"href":"https:\/\/reinvent.pt\/en\/wp-json\/wp\/v2\/pages\/3543","targetHints":{"allow":["GET"]}}],"collection":[{"href":"https:\/\/reinvent.pt\/en\/wp-json\/wp\/v2\/pages"}],"about":[{"href":"https:\/\/reinvent.pt\/en\/wp-json\/wp\/v2\/types\/page"}],"author":[{"embeddable":true,"href":"https:\/\/reinvent.pt\/en\/wp-json\/wp\/v2\/users\/1"}],"replies":[{"embeddable":true,"href":"https:\/\/reinvent.pt\/en\/wp-json\/wp\/v2\/comments?post=3543"}],"version-history":[{"count":2,"href":"https:\/\/reinvent.pt\/en\/wp-json\/wp\/v2\/pages\/3543\/revisions"}],"predecessor-version":[{"id":3546,"href":"https:\/\/reinvent.pt\/en\/wp-json\/wp\/v2\/pages\/3543\/revisions\/3546"}],"wp:attachment":[{"href":"https:\/\/reinvent.pt\/en\/wp-json\/wp\/v2\/media?parent=3543"}],"curies":[{"name":"wp","href":"https:\/\/api.w.org\/{rel}","templated":true}]}}